{"id":3262,"date":"2024-09-04T09:44:57","date_gmt":"2024-09-04T14:44:57","guid":{"rendered":"https:\/\/pcbc.org\/culto-y-musica\/"},"modified":"2026-01-12T13:25:52","modified_gmt":"2026-01-12T19:25:52","slug":"instituto","status":"publish","type":"page","link":"https:\/\/pcbc.org\/es\/instituto\/","title":{"rendered":"Instituto Park Cities"},"content":{"rendered":"\n<div class=\"wp-block-cover alignfull has-text-color has-link-color wp-elements-f542f5ce84122af91fd29574f279f694\" style=\"color:#e1dbdb;padding-top:var(--wp--preset--spacing--200);padding-bottom:var(--wp--preset--spacing--150)\"><video class=\"wp-block-cover__video-background intrinsic-ignore\" autoplay muted loop playsinline src=\"https:\/\/pcbc.org\/wp-content\/uploads\/2025\/07\/lightstock_379258_1080_pcbc_communications.mp4\" data-object-fit=\"cover\"><\/video><span aria-hidden=\"true\" class=\"wp-block-cover__background has-background-dim wp-block-cover__gradient-background has-background-gradient\" style=\"background:linear-gradient(0deg,rgb(18,18,20) 0%,rgba(18,18,20,0.62) 100%)\"><\/span><div class=\"wp-block-cover__inner-container has-global-padding is-layout-constrained wp-container-core-cover-is-layout-3f5179fe wp-block-cover-is-layout-constrained\">\n<div\n\taria-hidden=\"true\"\n\tclass=\"blocks block-responsive-spacer \"\n\t\tstyle=\"height: clamp(48px, calc(18.6px + 0.06125vw * 100), 97px)\">\n<\/div>\n\n\n\n<h1 class=\"wp-block-heading has-text-align-center has-white-color has-text-color has-link-color wp-elements-e0db0921b43ac60805c302a2cbb824dd\" id=\"h-instituto-park-cities\" style=\"font-size:clamp(36.954px, 2.31rem + ((1vw - 3.2px) * 3.234), 68px);\">Instituto Park Cities<\/h1>\n\n\n\n<p class=\"has-text-align-center has-x-small-font-size\">Los Grupos de Capacitaci\u00f3n del Instituto buscan equipar al cristiano con clases que fortalezcan el crecimiento y desarrollo de su vida espiritual por medio del conocimiento b\u00edblico sistem\u00e1tico en preparaci\u00f3n para el desarrollo y ejercicio de sus dones y habilidades en la iglesia local y comunidad.<\/p>\n<\/div><\/div>\n\n\n\n<div\n\taria-hidden=\"true\"\n\tclass=\"blocks block-responsive-spacer \"\n\t\tstyle=\"height: clamp(50px, calc(20px + 0.0625vw * 100), 100px)\">\n<\/div>\n\n\n\n<div class=\"wp-block-media-text alignwide is-stacked-on-mobile is-image-fill-element\" style=\"grid-template-columns:44% auto\"><figure class=\"wp-block-media-text__media\"><img loading=\"lazy\" decoding=\"async\" width=\"1600\" height=\"1067\" src=\"https:\/\/pcbc.org\/wp-content\/uploads\/2025\/07\/lightstock_256615_medium_pcbc_communications-1600x1067.jpg\" alt=\"\" class=\"wp-image-11452 size-full\" style=\"object-position:50% 50%\" srcset=\"https:\/\/pcbc.org\/wp-content\/uploads\/2025\/07\/lightstock_256615_medium_pcbc_communications-1600x1067.jpg 1600w, https:\/\/pcbc.org\/wp-content\/uploads\/2025\/07\/lightstock_256615_medium_pcbc_communications-1280x853.jpg 1280w, https:\/\/pcbc.org\/wp-content\/uploads\/2025\/07\/lightstock_256615_medium_pcbc_communications-1440x960.jpg 1440w, https:\/\/pcbc.org\/wp-content\/uploads\/2025\/07\/lightstock_256615_medium_pcbc_communications-1536x1024.jpg 1536w, https:\/\/pcbc.org\/wp-content\/uploads\/2025\/07\/lightstock_256615_medium_pcbc_communications-2048x1366.jpg 2048w, https:\/\/pcbc.org\/wp-content\/uploads\/2025\/07\/lightstock_256615_medium_pcbc_communications-600x400.jpg 600w\" sizes=\"auto, (max-width: 1600px) 100vw, 1600px\" \/><\/figure><div class=\"wp-block-media-text__content\">\n<div style=\"height:80px\" aria-hidden=\"true\" class=\"wp-block-spacer\"><\/div>\n\n\n\n<h2 class=\"wp-block-heading has-x-large-font-size\" id=\"h-comunidad-de-fe-y-finanzas\">Comunidad de Fe y Finanzas<\/h2>\n\n\n\n<p>Comunidad Fe y Finanzas (CFF) es un espacio para personas en cualquier etapa de su vida financiera, ya sea que tengan experiencia o enfrenten deudas y dificultades econ\u00f3micas. A trav\u00e9s de 12 principios de administraci\u00f3n financiera b\u00edblica, CFF ofrece ense\u00f1anzas pr\u00e1cticas y experiencias reales que han transformado la vida de miles de personas.<br>En esta comunidad aprender\u00e1s a salir de deudas, crear un fondo de emergencia, ahorrar, y planificar metas como la compra de una vivienda o la educaci\u00f3n universitaria de tus hijos. M\u00e1s que un curso, CFF es una comunidad comprometida con honrar a Dios mediante una mayordom\u00eda responsable y generosa, impactando a otros y extendiendo el Reino de Dios.<\/p>\n\n\n\n<p><\/p>\n\n\n\n<section class=\"blocks block-leadership align \" id=\"\" style=\"margin-top: 8px;  \">\n    \n    <div class=\"container\">    \n            \n        \n\n\n        <\/div>\n    \n\n    <\/section>\n\n\n\n<div style=\"height:80px\" aria-hidden=\"true\" class=\"wp-block-spacer\"><\/div>\n<\/div><\/div>\n\n\n\n<hr class=\"wp-block-separator alignwide has-alpha-channel-opacity\" style=\"margin-top:var(--wp--preset--spacing--50);margin-bottom:var(--wp--preset--spacing--50)\"\/>\n\n\n\n<div class=\"wp-block-media-text alignwide has-media-on-the-right is-stacked-on-mobile is-image-fill-element\"><div class=\"wp-block-media-text__content\">\n<div style=\"height:90px\" aria-hidden=\"true\" class=\"wp-block-spacer\"><\/div>\n\n\n\n<h2 class=\"wp-block-heading has-x-large-font-size\" id=\"h-teologia-intermedia\">Teolog\u00eda Intermedia<\/h2>\n\n\n\n<p>Este curso constituye de una continuaci\u00f3n y profundizaci\u00f3n de estudio del curso de Teolog\u00eda B\u00edblica. En esta segunda parte, el estudiante se adentrar\u00e1 en el desarrollo m\u00e1s amplio de la ciencia teol\u00f3gica y en sus principales \u00e1reas sistem\u00e1ticas. Partiendo de los fundamentos ya establecidos \u2013 la naturaleza de la teolog\u00eda, el concepto de Dios, ala antropolog\u00eda teol\u00f3gica, las fuentes y el lenguaje teol\u00f3gico, este curso avanza hacia el an\u00e1lisis estructurado de los grandes tratados teol\u00f3gicos hacia el an\u00e1lisis para una reflexi\u00f3n contempor\u00e1nea.<\/p>\n\n\n\n<section class=\"blocks block-leadership align \" id=\"\" style=\"margin-top: 8px;  \">\n    \n    <div class=\"container\">    \n            \n        \n\n\n        <\/div>\n    \n\n    <\/section>\n\n\n\n<div style=\"height:90px\" aria-hidden=\"true\" class=\"wp-block-spacer\"><\/div>\n<\/div><figure class=\"wp-block-media-text__media\"><img loading=\"lazy\" decoding=\"async\" width=\"1600\" height=\"1067\" src=\"https:\/\/pcbc.org\/wp-content\/uploads\/2025\/07\/lightstock_952707_medium_pcbc_communications-1600x1067.jpg\" alt=\"\" class=\"wp-image-11454 size-full\" style=\"object-position:50% 50%\" srcset=\"https:\/\/pcbc.org\/wp-content\/uploads\/2025\/07\/lightstock_952707_medium_pcbc_communications-1600x1067.jpg 1600w, https:\/\/pcbc.org\/wp-content\/uploads\/2025\/07\/lightstock_952707_medium_pcbc_communications-1280x854.jpg 1280w, https:\/\/pcbc.org\/wp-content\/uploads\/2025\/07\/lightstock_952707_medium_pcbc_communications-1440x961.jpg 1440w, https:\/\/pcbc.org\/wp-content\/uploads\/2025\/07\/lightstock_952707_medium_pcbc_communications-1536x1025.jpg 1536w, https:\/\/pcbc.org\/wp-content\/uploads\/2025\/07\/lightstock_952707_medium_pcbc_communications-2048x1366.jpg 2048w, https:\/\/pcbc.org\/wp-content\/uploads\/2025\/07\/lightstock_952707_medium_pcbc_communications-600x400.jpg 600w\" sizes=\"auto, (max-width: 1600px) 100vw, 1600px\" \/><\/figure><\/div>\n\n\n\n<hr class=\"wp-block-separator alignwide has-alpha-channel-opacity\" style=\"margin-top:var(--wp--preset--spacing--50);margin-bottom:var(--wp--preset--spacing--50)\"\/>\n\n\n\n<div class=\"wp-block-media-text alignwide is-stacked-on-mobile is-image-fill-element\"><figure class=\"wp-block-media-text__media\"><img loading=\"lazy\" decoding=\"async\" width=\"1600\" height=\"900\" src=\"https:\/\/pcbc.org\/wp-content\/uploads\/2025\/01\/obra-del-espi-1600x900.jpg\" alt=\"\" class=\"wp-image-16113 size-full\" style=\"object-position:50% 50%\" srcset=\"https:\/\/pcbc.org\/wp-content\/uploads\/2025\/01\/obra-del-espi-1600x900.jpg 1600w, https:\/\/pcbc.org\/wp-content\/uploads\/2025\/01\/obra-del-espi-1280x720.jpg 1280w, https:\/\/pcbc.org\/wp-content\/uploads\/2025\/01\/obra-del-espi-1440x810.jpg 1440w, https:\/\/pcbc.org\/wp-content\/uploads\/2025\/01\/obra-del-espi-1536x864.jpg 1536w, https:\/\/pcbc.org\/wp-content\/uploads\/2025\/01\/obra-del-espi-600x338.jpg 600w, https:\/\/pcbc.org\/wp-content\/uploads\/2025\/01\/obra-del-espi.jpg 1920w\" sizes=\"auto, (max-width: 1600px) 100vw, 1600px\" \/><\/figure><div class=\"wp-block-media-text__content\">\n<div style=\"height:80px\" aria-hidden=\"true\" class=\"wp-block-spacer\"><\/div>\n\n\n\n<h2 class=\"wp-block-heading has-x-large-font-size\" id=\"h-la-obra-del-espiritu-santo\">La Obra del Esp\u00edritu Santo<\/h2>\n\n\n\n<p>Este curso ofrece un estudio b\u00edblico profundo sobre la obra del Esp\u00edritu Santo, basado en las ense\u00f1anzas de Kevin Harris. Su prop\u00f3sito es comprender c\u00f3mo el Esp\u00edritu Santo act\u00faa en la vida del creyente, desde la salvaci\u00f3n hasta el crecimiento espiritual diario. Se abordar\u00e1n temas como la elecci\u00f3n divina, la regeneraci\u00f3n, el bautismo del Esp\u00edritu, la seguridad eterna y el proceso continuo de transformaci\u00f3n, ayudando a los estudiantes a reconocer y responder a la gu\u00eda del Esp\u00edritu Santo para formar el car\u00e1cter de Cristo y fortalecer su caminar cristiano.<\/p>\n\n\n\n<p><\/p>\n\n\n\n<section class=\"blocks block-leadership align \" id=\"\" style=\"margin-top: 8px;  \">\n    \n    <div class=\"container\">    \n            \n        \n\n\n        <\/div>\n    \n\n    <\/section>\n\n\n\n<div style=\"height:80px\" aria-hidden=\"true\" class=\"wp-block-spacer\"><\/div>\n<\/div><\/div>\n\n\n\n<div class=\"wp-block-group alignfull has-shade-background-color has-background has-global-padding is-layout-constrained wp-block-group-is-layout-constrained\" style=\"padding-top:var(--wp--preset--spacing--100);padding-bottom:var(--wp--preset--spacing--100)\">\n<h2 class=\"wp-block-heading has-text-align-center has-medium-font-size\" id=\"h-clases-cada-miercoles-enero-14-abril-29-2026-6-30-8-00pm-park-cities-baptist-church-2do-piso-edificio-reed\">Clases cada Mi\u00e9rcoles<br>Enero 14 &#8211; Abril 29, 2026<br>6:30-8:00PM<br>Park Cities Baptist Church-2do piso edificio reed<\/h2>\n\n\n\n<div class=\"wp-block-buttons is-content-justification-center is-layout-flex wp-container-core-buttons-is-layout-a89b3969 wp-block-buttons-is-layout-flex\">\n<div class=\"wp-block-button is-style-fill\"><a class=\"wp-block-button__link has-text-align-center wp-element-button\" href=\"https:\/\/parkcities.wufoo.com\/forms\/rixo94k1otjr1g\/\" style=\"border-style:none;border-width:0px;padding-top:10px;padding-right:10px;padding-bottom:10px;padding-left:10px\">INSCR\u00cdBETE HOY<\/a><\/div>\n<\/div>\n<\/div>\n","protected":false},"excerpt":{"rendered":"<p>Clases cada Mi\u00e9rcolesEnero 14 &#8211; Abril 29, 20266:30-8:00PMPark Cities Baptist Church-2do piso edificio reed<\/p>\n","protected":false},"author":12,"featured_media":0,"parent":0,"menu_order":0,"comment_status":"closed","ping_status":"closed","template":"","meta":{"_acf_changed":false,"footnotes":""},"class_list":["post-3262","page","type-page","status-publish","hentry"],"acf":[],"yoast_head":"<!-- This site is optimized with the Yoast SEO Premium plugin v27.3 (Yoast SEO v27.3) - https:\/\/yoast.com\/product\/yoast-seo-premium-wordpress\/ -->\n<title>Instituto Park Cities - Park Cities Baptist Church<\/title>\n<meta name=\"description\" content=\"Las reuniones de culto en PCBC existen para exaltar a Dios Padre, Hijo y Esp\u00edritu Santo, y para desafiar e inspirar a la gente a seguir a Jes\u00fas cada d\u00eda con compasi\u00f3n y gratitud.\" \/>\n<meta name=\"robots\" content=\"index, follow, max-snippet:-1, max-image-preview:large, max-video-preview:-1\" \/>\n<link rel=\"canonical\" href=\"https:\/\/pcbc.org\/es\/instituto\/\" \/>\n<meta property=\"og:locale\" content=\"es_ES\" \/>\n<meta property=\"og:type\" content=\"article\" \/>\n<meta property=\"og:title\" content=\"Instituto Park Cities\" \/>\n<meta property=\"og:description\" content=\"Las reuniones de culto en PCBC existen para exaltar a Dios Padre, Hijo y Esp\u00edritu Santo, y para desafiar e inspirar a la gente a seguir a Jes\u00fas cada d\u00eda con compasi\u00f3n y gratitud.\" \/>\n<meta property=\"og:url\" content=\"https:\/\/pcbc.org\/es\/instituto\/\" \/>\n<meta property=\"og:site_name\" content=\"Park Cities Baptist Church\" \/>\n<meta property=\"article:publisher\" content=\"https:\/\/www.facebook.com\/parkcitiesbaptist\" \/>\n<meta property=\"article:modified_time\" content=\"2026-01-12T19:25:52+00:00\" \/>\n<meta property=\"og:image\" content=\"https:\/\/pcbc.org\/wp-content\/uploads\/2025\/07\/lightstock_256615_medium_pcbc_communications-scaled.jpg\" \/>\n\t<meta property=\"og:image:width\" content=\"2560\" \/>\n\t<meta property=\"og:image:height\" content=\"1707\" \/>\n\t<meta property=\"og:image:type\" content=\"image\/jpeg\" \/>\n<meta name=\"twitter:card\" content=\"summary_large_image\" \/>\n<meta name=\"twitter:site\" content=\"@parkcitiesbap\" \/>\n<meta name=\"twitter:label1\" content=\"Tiempo de lectura\" \/>\n\t<meta name=\"twitter:data1\" content=\"3 minutos\" \/>\n<script type=\"application\/ld+json\" class=\"yoast-schema-graph\">{\"@context\":\"https:\\\/\\\/schema.org\",\"@graph\":[{\"@type\":\"WebPage\",\"@id\":\"https:\\\/\\\/pcbc.org\\\/es\\\/instituto\\\/\",\"url\":\"https:\\\/\\\/pcbc.org\\\/es\\\/instituto\\\/\",\"name\":\"Instituto Park Cities - Park Cities Baptist Church\",\"isPartOf\":{\"@id\":\"https:\\\/\\\/pcbc.org\\\/es\\\/#website\"},\"primaryImageOfPage\":{\"@id\":\"https:\\\/\\\/pcbc.org\\\/es\\\/instituto\\\/#primaryimage\"},\"image\":{\"@id\":\"https:\\\/\\\/pcbc.org\\\/es\\\/instituto\\\/#primaryimage\"},\"thumbnailUrl\":\"https:\\\/\\\/pcbc.org\\\/wp-content\\\/uploads\\\/2025\\\/07\\\/lightstock_256615_medium_pcbc_communications-1600x1067.jpg\",\"datePublished\":\"2024-09-04T14:44:57+00:00\",\"dateModified\":\"2026-01-12T19:25:52+00:00\",\"description\":\"Las reuniones de culto en PCBC existen para exaltar a Dios Padre, Hijo y Esp\u00edritu Santo, y para desafiar e inspirar a la gente a seguir a Jes\u00fas cada d\u00eda con compasi\u00f3n y gratitud.\",\"breadcrumb\":{\"@id\":\"https:\\\/\\\/pcbc.org\\\/es\\\/instituto\\\/#breadcrumb\"},\"inLanguage\":\"es\",\"potentialAction\":[{\"@type\":\"ReadAction\",\"target\":[\"https:\\\/\\\/pcbc.org\\\/es\\\/instituto\\\/\"]}]},{\"@type\":\"ImageObject\",\"inLanguage\":\"es\",\"@id\":\"https:\\\/\\\/pcbc.org\\\/es\\\/instituto\\\/#primaryimage\",\"url\":\"https:\\\/\\\/pcbc.org\\\/wp-content\\\/uploads\\\/2025\\\/07\\\/lightstock_256615_medium_pcbc_communications-1600x1067.jpg\",\"contentUrl\":\"https:\\\/\\\/pcbc.org\\\/wp-content\\\/uploads\\\/2025\\\/07\\\/lightstock_256615_medium_pcbc_communications-1600x1067.jpg\"},{\"@type\":\"BreadcrumbList\",\"@id\":\"https:\\\/\\\/pcbc.org\\\/es\\\/instituto\\\/#breadcrumb\",\"itemListElement\":[{\"@type\":\"ListItem\",\"position\":1,\"name\":\"Home\",\"item\":\"https:\\\/\\\/pcbc.org\\\/es\\\/\"},{\"@type\":\"ListItem\",\"position\":2,\"name\":\"Instituto Park Cities\"}]},{\"@type\":\"WebSite\",\"@id\":\"https:\\\/\\\/pcbc.org\\\/es\\\/#website\",\"url\":\"https:\\\/\\\/pcbc.org\\\/es\\\/\",\"name\":\"Park Cities Baptist Church\",\"description\":\"Leading all generations to love Jesus\",\"publisher\":{\"@id\":\"https:\\\/\\\/pcbc.org\\\/es\\\/#organization\"},\"alternateName\":\"PCBC\",\"potentialAction\":[{\"@type\":\"SearchAction\",\"target\":{\"@type\":\"EntryPoint\",\"urlTemplate\":\"https:\\\/\\\/pcbc.org\\\/es\\\/?s={search_term_string}\"},\"query-input\":{\"@type\":\"PropertyValueSpecification\",\"valueRequired\":true,\"valueName\":\"search_term_string\"}}],\"inLanguage\":\"es\"},{\"@type\":\"Organization\",\"@id\":\"https:\\\/\\\/pcbc.org\\\/es\\\/#organization\",\"name\":\"Park Cities Baptist Church\",\"alternateName\":\"PCBC\",\"url\":\"https:\\\/\\\/pcbc.org\\\/es\\\/\",\"logo\":{\"@type\":\"ImageObject\",\"inLanguage\":\"es\",\"@id\":\"https:\\\/\\\/pcbc.org\\\/es\\\/#\\\/schema\\\/logo\\\/image\\\/\",\"url\":\"https:\\\/\\\/pcbc.org\\\/wp-content\\\/uploads\\\/2024\\\/07\\\/Logo.png\",\"contentUrl\":\"https:\\\/\\\/pcbc.org\\\/wp-content\\\/uploads\\\/2024\\\/07\\\/Logo.png\",\"width\":600,\"height\":126,\"caption\":\"Park Cities Baptist Church\"},\"image\":{\"@id\":\"https:\\\/\\\/pcbc.org\\\/es\\\/#\\\/schema\\\/logo\\\/image\\\/\"},\"sameAs\":[\"https:\\\/\\\/www.facebook.com\\\/parkcitiesbaptist\",\"https:\\\/\\\/x.com\\\/parkcitiesbap\",\"https:\\\/\\\/www.instagram.com\\\/parkcitiesbaptistchurch\\\/\",\"https:\\\/\\\/www.youtube.com\\\/parkcitiesbaptistchurch\"]}]}<\/script>\n<!-- \/ Yoast SEO Premium plugin. -->","yoast_head_json":{"title":"Instituto Park Cities - Park Cities Baptist Church","description":"Las reuniones de culto en PCBC existen para exaltar a Dios Padre, Hijo y Esp\u00edritu Santo, y para desafiar e inspirar a la gente a seguir a Jes\u00fas cada d\u00eda con compasi\u00f3n y gratitud.","robots":{"index":"index","follow":"follow","max-snippet":"max-snippet:-1","max-image-preview":"max-image-preview:large","max-video-preview":"max-video-preview:-1"},"canonical":"https:\/\/pcbc.org\/es\/instituto\/","og_locale":"es_ES","og_type":"article","og_title":"Instituto Park Cities","og_description":"Las reuniones de culto en PCBC existen para exaltar a Dios Padre, Hijo y Esp\u00edritu Santo, y para desafiar e inspirar a la gente a seguir a Jes\u00fas cada d\u00eda con compasi\u00f3n y gratitud.","og_url":"https:\/\/pcbc.org\/es\/instituto\/","og_site_name":"Park Cities Baptist Church","article_publisher":"https:\/\/www.facebook.com\/parkcitiesbaptist","article_modified_time":"2026-01-12T19:25:52+00:00","og_image":[{"width":2560,"height":1707,"url":"https:\/\/pcbc.org\/wp-content\/uploads\/2025\/07\/lightstock_256615_medium_pcbc_communications-scaled.jpg","type":"image\/jpeg"}],"twitter_card":"summary_large_image","twitter_site":"@parkcitiesbap","twitter_misc":{"Tiempo de lectura":"3 minutos"},"schema":{"@context":"https:\/\/schema.org","@graph":[{"@type":"WebPage","@id":"https:\/\/pcbc.org\/es\/instituto\/","url":"https:\/\/pcbc.org\/es\/instituto\/","name":"Instituto Park Cities - Park Cities Baptist Church","isPartOf":{"@id":"https:\/\/pcbc.org\/es\/#website"},"primaryImageOfPage":{"@id":"https:\/\/pcbc.org\/es\/instituto\/#primaryimage"},"image":{"@id":"https:\/\/pcbc.org\/es\/instituto\/#primaryimage"},"thumbnailUrl":"https:\/\/pcbc.org\/wp-content\/uploads\/2025\/07\/lightstock_256615_medium_pcbc_communications-1600x1067.jpg","datePublished":"2024-09-04T14:44:57+00:00","dateModified":"2026-01-12T19:25:52+00:00","description":"Las reuniones de culto en PCBC existen para exaltar a Dios Padre, Hijo y Esp\u00edritu Santo, y para desafiar e inspirar a la gente a seguir a Jes\u00fas cada d\u00eda con compasi\u00f3n y gratitud.","breadcrumb":{"@id":"https:\/\/pcbc.org\/es\/instituto\/#breadcrumb"},"inLanguage":"es","potentialAction":[{"@type":"ReadAction","target":["https:\/\/pcbc.org\/es\/instituto\/"]}]},{"@type":"ImageObject","inLanguage":"es","@id":"https:\/\/pcbc.org\/es\/instituto\/#primaryimage","url":"https:\/\/pcbc.org\/wp-content\/uploads\/2025\/07\/lightstock_256615_medium_pcbc_communications-1600x1067.jpg","contentUrl":"https:\/\/pcbc.org\/wp-content\/uploads\/2025\/07\/lightstock_256615_medium_pcbc_communications-1600x1067.jpg"},{"@type":"BreadcrumbList","@id":"https:\/\/pcbc.org\/es\/instituto\/#breadcrumb","itemListElement":[{"@type":"ListItem","position":1,"name":"Home","item":"https:\/\/pcbc.org\/es\/"},{"@type":"ListItem","position":2,"name":"Instituto Park Cities"}]},{"@type":"WebSite","@id":"https:\/\/pcbc.org\/es\/#website","url":"https:\/\/pcbc.org\/es\/","name":"Park Cities Baptist Church","description":"Leading all generations to love Jesus","publisher":{"@id":"https:\/\/pcbc.org\/es\/#organization"},"alternateName":"PCBC","potentialAction":[{"@type":"SearchAction","target":{"@type":"EntryPoint","urlTemplate":"https:\/\/pcbc.org\/es\/?s={search_term_string}"},"query-input":{"@type":"PropertyValueSpecification","valueRequired":true,"valueName":"search_term_string"}}],"inLanguage":"es"},{"@type":"Organization","@id":"https:\/\/pcbc.org\/es\/#organization","name":"Park Cities Baptist Church","alternateName":"PCBC","url":"https:\/\/pcbc.org\/es\/","logo":{"@type":"ImageObject","inLanguage":"es","@id":"https:\/\/pcbc.org\/es\/#\/schema\/logo\/image\/","url":"https:\/\/pcbc.org\/wp-content\/uploads\/2024\/07\/Logo.png","contentUrl":"https:\/\/pcbc.org\/wp-content\/uploads\/2024\/07\/Logo.png","width":600,"height":126,"caption":"Park Cities Baptist Church"},"image":{"@id":"https:\/\/pcbc.org\/es\/#\/schema\/logo\/image\/"},"sameAs":["https:\/\/www.facebook.com\/parkcitiesbaptist","https:\/\/x.com\/parkcitiesbap","https:\/\/www.instagram.com\/parkcitiesbaptistchurch\/","https:\/\/www.youtube.com\/parkcitiesbaptistchurch"]}]}},"_links":{"self":[{"href":"https:\/\/pcbc.org\/es\/wp-json\/wp\/v2\/pages\/3262","targetHints":{"allow":["GET"]}}],"collection":[{"href":"https:\/\/pcbc.org\/es\/wp-json\/wp\/v2\/pages"}],"about":[{"href":"https:\/\/pcbc.org\/es\/wp-json\/wp\/v2\/types\/page"}],"author":[{"embeddable":true,"href":"https:\/\/pcbc.org\/es\/wp-json\/wp\/v2\/users\/12"}],"replies":[{"embeddable":true,"href":"https:\/\/pcbc.org\/es\/wp-json\/wp\/v2\/comments?post=3262"}],"version-history":[{"count":12,"href":"https:\/\/pcbc.org\/es\/wp-json\/wp\/v2\/pages\/3262\/revisions"}],"predecessor-version":[{"id":16129,"href":"https:\/\/pcbc.org\/es\/wp-json\/wp\/v2\/pages\/3262\/revisions\/16129"}],"wp:attachment":[{"href":"https:\/\/pcbc.org\/es\/wp-json\/wp\/v2\/media?parent=3262"}],"curies":[{"name":"wp","href":"https:\/\/api.w.org\/{rel}","templated":true}]}}