{"id":2146,"date":"2024-08-27T19:22:33","date_gmt":"2024-08-28T00:22:33","guid":{"rendered":"https:\/\/pcbc.org\/?page_id=2146"},"modified":"2026-02-13T15:10:36","modified_gmt":"2026-02-13T21:10:36","slug":"bachman","status":"publish","type":"page","link":"https:\/\/pcbc.org\/es\/bachman\/","title":{"rendered":"Bachman Lake"},"content":{"rendered":"\n<div class=\"wp-block-cover alignfull\" style=\"padding-top:var(--wp--preset--spacing--250);padding-bottom:var(--wp--preset--spacing--100)\"><span aria-hidden=\"true\" class=\"wp-block-cover__background has-background-dim-100 has-background-dim has-background-gradient has-transparent-to-charcoal-gradient-background\"><\/span><img loading=\"lazy\" decoding=\"async\" width=\"2560\" height=\"1707\" src=\"https:\/\/pcbc.org\/wp-content\/uploads\/2024\/08\/photo-sep-17-2023-11-39-10-am-scaled.webp\" class=\"wp-block-cover__image-background wp-post-image\" alt=\"\" data-object-fit=\"cover\" data-object-position=\"56% 55%\" style=\"object-position:56% 55%;\" srcset=\"https:\/\/pcbc.org\/wp-content\/uploads\/2024\/08\/photo-sep-17-2023-11-39-10-am-scaled.webp 2560w, https:\/\/pcbc.org\/wp-content\/uploads\/2024\/08\/photo-sep-17-2023-11-39-10-am-1280x853.webp 1280w, https:\/\/pcbc.org\/wp-content\/uploads\/2024\/08\/photo-sep-17-2023-11-39-10-am-1600x1067.webp 1600w, https:\/\/pcbc.org\/wp-content\/uploads\/2024\/08\/photo-sep-17-2023-11-39-10-am-1440x960.webp 1440w, https:\/\/pcbc.org\/wp-content\/uploads\/2024\/08\/photo-sep-17-2023-11-39-10-am-1536x1024.webp 1536w, https:\/\/pcbc.org\/wp-content\/uploads\/2024\/08\/photo-sep-17-2023-11-39-10-am-2048x1365.webp 2048w, https:\/\/pcbc.org\/wp-content\/uploads\/2024\/08\/photo-sep-17-2023-11-39-10-am-600x400.webp 600w\" sizes=\"auto, (max-width: 2560px) 100vw, 2560px\" \/><div class=\"wp-block-cover__inner-container has-global-padding is-layout-constrained wp-block-cover-is-layout-constrained\">\n<div\n\taria-hidden=\"true\"\n\tclass=\"blocks block-responsive-spacer \"\n\t\tstyle=\"height: clamp(50px, calc(20px + 0.0625vw * 100), 100px)\">\n<\/div>\n<\/div><\/div>\n\n\n\n<div class=\"wp-block-group alignfull has-charcoal-background-color has-background has-global-padding is-layout-constrained wp-container-core-group-is-layout-2c333601 wp-block-group-is-layout-constrained\" style=\"padding-bottom:var(--wp--preset--spacing--100)\">\n<p class=\"has-text-align-center is-style-muted-heading has-tertiary-alt-color has-text-color has-link-color wp-elements-1707b48aa47635c16072aafce649bfe2\">Bienvenidos<\/p>\n\n\n\n<h1 class=\"wp-block-heading has-text-align-center is-style-default has-white-color has-text-color has-link-color has-huge-font-size wp-elements-e8838aef108a613bcbeeaef41a5411ce\">Campus Bachman Lake<\/h1>\n\n\n\n<p class=\"has-text-align-center has-text-color has-link-color has-x-small-font-size wp-elements-1fdb6c8955b1ab22a447c8cdb221b669\" style=\"color:#e0e0e0\">Ya sea que nos visites en nuestro campus principal en Park Cities, Bachman Lake o Vickery, nuestra oraci\u00f3n es que seas bendecido y puedas encontrar comunidad aqu\u00ed con nosotros. Estamos para servirte, no dudes en contactarnos para cualquier pregunta o duda. Env\u00edanos un email a&nbsp;<a href=\"mailto:contacto@pcbc.org\">contacto@pcbc.org<\/a><\/p>\n<\/div>\n\n\n\n<div\n\taria-hidden=\"true\"\n\tclass=\"blocks block-responsive-spacer \"\n\t\tstyle=\"height: clamp(50px, calc(20px + 0.0625vw * 100), 100px)\">\n<\/div>\n\n\n\n<div class=\"wp-block-media-text alignwide is-stacked-on-mobile is-image-fill\"><figure class=\"wp-block-media-text__media\" style=\"background-image:url(https:\/\/pcbc.org\/wp-content\/uploads\/2024\/08\/bachman-4.webp);background-position:50% 50%\"><img loading=\"lazy\" decoding=\"async\" width=\"937\" height=\"625\" src=\"https:\/\/pcbc.org\/wp-content\/uploads\/2024\/08\/bachman-4.webp\" alt=\"\" class=\"wp-image-2148 size-full\" srcset=\"https:\/\/pcbc.org\/wp-content\/uploads\/2024\/08\/bachman-4.webp 937w, https:\/\/pcbc.org\/wp-content\/uploads\/2024\/08\/bachman-4-600x400.webp 600w\" sizes=\"auto, (max-width: 937px) 100vw, 937px\" \/><\/figure><div class=\"wp-block-media-text__content\">\n<div style=\"height:60px\" aria-hidden=\"true\" class=\"wp-block-spacer\"><\/div>\n\n\n\n<h2 class=\"wp-block-heading is-style-muted-heading\">campus Bachman lake<\/h2>\n\n\n\n<h3 class=\"wp-block-heading\">Buckner Family Hope Center at Bachman Lake<br>3300 Lombardy Ln., Dallas, TX<\/h3>\n\n\n\n<p>En nuestro Campus Bachman Lake podr\u00e1s encontrar comunidad. Cada&nbsp;<strong>domingo a las 12:30pm<\/strong>&nbsp;tenemos adoraci\u00f3n en vivo y Palabra de Dios. Adem\u00e1s, proveemos clases para los peque\u00f1os. Durante la semana tenemos diferentes clases y actividades que buscan ayudarte a crecer de manera&nbsp; personal y espiritual.<\/p>\n\n\n\n<p><strong>Servicio<\/strong><br>Domingos &nbsp;12:30 PM<\/p>\n\n\n\n<div style=\"height:60px\" aria-hidden=\"true\" class=\"wp-block-spacer\"><\/div>\n<\/div><\/div>\n\n\n\n<div\n\taria-hidden=\"true\"\n\tclass=\"blocks block-responsive-spacer \"\n\t\tstyle=\"height: clamp(50px, calc(20px + 0.0625vw * 100), 100px)\">\n<\/div>\n\n\n\n<figure class=\"wp-block-gallery alignfull has-nested-images columns-default is-cropped wp-block-gallery-1 is-layout-flex wp-block-gallery-is-layout-flex\">\n<figure class=\"wp-block-image size-medium\"><a href=\"https:\/\/pcbc.org\/wp-content\/uploads\/2024\/08\/bachman-3.webp\"><img loading=\"lazy\" decoding=\"async\" width=\"1280\" height=\"853\" data-id=\"2150\" src=\"https:\/\/pcbc.org\/wp-content\/uploads\/2024\/08\/bachman-3-1280x853.webp\" alt=\"\" class=\"wp-image-2150\" srcset=\"https:\/\/pcbc.org\/wp-content\/uploads\/2024\/08\/bachman-3-1280x853.webp 1280w, https:\/\/pcbc.org\/wp-content\/uploads\/2024\/08\/bachman-3-1600x1066.webp 1600w, https:\/\/pcbc.org\/wp-content\/uploads\/2024\/08\/bachman-3-1440x960.webp 1440w, https:\/\/pcbc.org\/wp-content\/uploads\/2024\/08\/bachman-3-1536x1024.webp 1536w, https:\/\/pcbc.org\/wp-content\/uploads\/2024\/08\/bachman-3-600x400.webp 600w, https:\/\/pcbc.org\/wp-content\/uploads\/2024\/08\/bachman-3.webp 2000w\" sizes=\"auto, (max-width: 1280px) 100vw, 1280px\" \/><\/a><\/figure>\n\n\n\n<figure class=\"wp-block-image size-medium\"><a href=\"https:\/\/pcbc.org\/wp-content\/uploads\/2024\/08\/bachman-2.webp\"><img loading=\"lazy\" decoding=\"async\" width=\"1280\" height=\"853\" data-id=\"2152\" src=\"https:\/\/pcbc.org\/wp-content\/uploads\/2024\/08\/bachman-2-1280x853.webp\" alt=\"\" class=\"wp-image-2152\" srcset=\"https:\/\/pcbc.org\/wp-content\/uploads\/2024\/08\/bachman-2-1280x853.webp 1280w, https:\/\/pcbc.org\/wp-content\/uploads\/2024\/08\/bachman-2-1600x1066.webp 1600w, https:\/\/pcbc.org\/wp-content\/uploads\/2024\/08\/bachman-2-1440x960.webp 1440w, https:\/\/pcbc.org\/wp-content\/uploads\/2024\/08\/bachman-2-1536x1024.webp 1536w, https:\/\/pcbc.org\/wp-content\/uploads\/2024\/08\/bachman-2-600x400.webp 600w, https:\/\/pcbc.org\/wp-content\/uploads\/2024\/08\/bachman-2.webp 2000w\" sizes=\"auto, (max-width: 1280px) 100vw, 1280px\" \/><\/a><\/figure>\n\n\n\n<figure class=\"wp-block-image size-medium\"><a href=\"https:\/\/pcbc.org\/wp-content\/uploads\/2024\/08\/bachman-5.webp\"><img loading=\"lazy\" decoding=\"async\" width=\"1280\" height=\"960\" data-id=\"2154\" src=\"https:\/\/pcbc.org\/wp-content\/uploads\/2024\/08\/bachman-5-1280x960.webp\" alt=\"\" class=\"wp-image-2154\" srcset=\"https:\/\/pcbc.org\/wp-content\/uploads\/2024\/08\/bachman-5-1280x960.webp 1280w, https:\/\/pcbc.org\/wp-content\/uploads\/2024\/08\/bachman-5-1600x1200.webp 1600w, https:\/\/pcbc.org\/wp-content\/uploads\/2024\/08\/bachman-5-1440x1080.webp 1440w, https:\/\/pcbc.org\/wp-content\/uploads\/2024\/08\/bachman-5-1536x1152.webp 1536w, https:\/\/pcbc.org\/wp-content\/uploads\/2024\/08\/bachman-5-600x450.webp 600w, https:\/\/pcbc.org\/wp-content\/uploads\/2024\/08\/bachman-5.webp 2000w\" sizes=\"auto, (max-width: 1280px) 100vw, 1280px\" \/><\/a><\/figure>\n<\/figure>\n\n\n\n<div\n\taria-hidden=\"true\"\n\tclass=\"blocks block-responsive-spacer \"\n\t\tstyle=\"height: clamp(50px, calc(20px + 0.0625vw * 100), 100px)\">\n<\/div>\n\n\n\n<div class=\"wp-block-columns alignwide is-layout-flex wp-container-core-columns-is-layout-b987c810 wp-block-columns-is-layout-flex\">\n<div class=\"wp-block-column is-style-sticky is-layout-flow wp-block-column-is-layout-flow\" style=\"flex-basis:33.33%\">\n<h2 class=\"wp-block-heading has-x-large-font-size\">Ministerios<\/h2>\n\n\n\n<p>Nuestro Campus Bachman Lake se encuentra en el Buckner Family Hope Center y es un lugar donde las personas se re\u00fanen para encontrar comunidad y aprender m\u00e1s de la Palabra de Dios.<em>&nbsp; Si necesitas m\u00e1s informaci\u00f3n, env\u00eda un email&nbsp;<strong>&nbsp;<a href=\"mailto:contacto@pcbc.org\">contacto@pcbc.org<\/a><\/strong><\/em>&nbsp;o llama al&nbsp;<em><strong>(214) 860-3918<\/strong><\/em>.<\/p>\n<\/div>\n\n\n\n<div class=\"wp-block-column is-layout-flow wp-block-column-is-layout-flow\" style=\"flex-basis:66.66%\">\n<section class=\"blocks block-accordion is-style-toggle\" id=\"block_meta_67190e4f27cdb\">\n    <div class=\"accordion\">\n\n<details class=\"wp-block-details is-layout-flow wp-block-details-is-layout-flow\" open><summary>Ni\u00f1os<\/summary>\n<p>Nuestro objetivo es un enfoque dual: empoderar con recursos a los padres para criar ni\u00f1os que sigan a Jes\u00fas todos los d\u00edas, as\u00ed como inspirar a nuestros ni\u00f1os a amar a Jes\u00fas y amar a donde viven (Dallas y otros lugares).<\/p>\n\n\n\n<h2 class=\"wp-block-heading has-accent-font-family has-small-font-size\" style=\"text-transform:uppercase\">Clase para ni\u00f1os<\/h2>\n\n\n\n<p><strong>Domingos | 12:30PM<\/strong><\/p>\n<\/details>\n\n\n\n<details class=\"wp-block-details is-layout-flow wp-block-details-is-layout-flow\"><summary>Estudio Doctrinas B\u00edblicas<\/summary>\n<p>Como creyentes es necesario que estemos firmes en las ense\u00f1anzas b\u00edblicas y debemos tener una idea clara de sus aplicaciones para nuestra vida. Existen algunos fundamentos esenciales para establecer las bases b\u00edblicas para un cristiano. Este entrenamiento es para todo nuevo creyente, miembro de la iglesia o para aquel que no ha tomado un entrenamiento en doctrinas b\u00edblicas no importando los a\u00f1os que tenga en el caminar de la fe. Estaremos cubriendo 18 lecciones que ser\u00e1n transformativas y de mucho enriquecimiento para tu crecimiento espiritual. <em>&nbsp;<\/em><strong><em>contacto<strong>@<\/strong>pcbc.org<\/em><\/strong>&nbsp;<\/p>\n\n\n\n<h2 class=\"wp-block-heading has-accent-font-family has-small-font-size\" style=\"text-transform:uppercase\"><\/h2>\n\n\n\n<p><strong>Domingos | 11:00am<\/strong><\/p>\n<\/details>\n\n\n\n<details class=\"wp-block-details is-layout-flow wp-block-details-is-layout-flow\"><summary>Estudio B\u00edblico para Mujeres<\/summary>\n<p>El Ministerio de Mujeres: \u00abElegidas\u00bb es una&nbsp;experiencia de conexi\u00f3n para mujeres. Son encuentros din\u00e1micos, variados donde conectamos las unas con las otras con el fin de cuidarnos, crecer y alcanzar a otras mujeres que necesitan de Cristo.&nbsp;<\/p>\n\n\n\n<p>Encuentros diferentes d\u00edas de la semana, que promueven el cuidado mutuo, el entendimiento de las escrituras y el compartir de las buenas nuevas de salvaci\u00f3n.&nbsp;Tiempos de oraci\u00f3n, de alabanza, de ense\u00f1anza, con manualidades y din\u00e1micas que brindan la oportunidad de crecimiento y discipulado.&nbsp;Para m\u00e1s informaci\u00f3n env\u00eda un email a&nbsp; Yanet:&nbsp;<strong><em><a href=\"mailto:ytoledo@pcbc.org\">ytoledo@pcbc.org<\/a><\/em><\/strong><\/p>\n<\/details>\n\n<\/div>\n    \n        <script>\n        jQuery(function($) {\n            $('body').ready(function() {\n                $(\"#block_meta_67190e4f27cdb.is-style-toggle details\").on(\"click\", function () {\n                    $(\"#block_meta_67190e4f27cdb.is-style-toggle details[open]\").not(this).removeAttr(\"open\");\n                });\n            });\n        });\n    <\/script>\n    <\/section>\n<\/div>\n<\/div>\n\n\n\n<div\n\taria-hidden=\"true\"\n\tclass=\"blocks block-responsive-spacer \"\n\t\tstyle=\"height: clamp(50px, calc(20px + 0.0625vw * 100), 100px)\">\n<\/div>\n\n\n\n<div class=\"wp-block-group alignfull has-shade-background-color has-background has-global-padding is-layout-constrained wp-block-group-is-layout-constrained\" style=\"padding-top:var(--wp--preset--spacing--100);padding-bottom:var(--wp--preset--spacing--100)\">\n<h2 class=\"wp-block-heading alignwide has-xx-large-font-size\">Nuestro Personal<\/h2>\n\n\n\n<div style=\"height:40px\" aria-hidden=\"true\" class=\"wp-block-spacer\"><\/div>\n\n\n\n<section class=\"blocks block-leadership alignwide \" id=\"\" style=\" \">\n    \n    <div class=\"container\">    \n            \n        <div class=\"staff-list\" id=\"staff-list\"><div class=\"department\"><div class=\"staff\" data-title=\"Dr. Rolando Aguirre\"><figure><img loading=\"lazy\" decoding=\"async\" width=\"500\" height=\"500\" src=\"https:\/\/pcbc.org\/wp-content\/uploads\/2024\/07\/rolando.webp\" class=\"attachment-thumb_uncropped size-thumb_uncropped wp-post-image\" alt=\"\" srcset=\"https:\/\/pcbc.org\/wp-content\/uploads\/2024\/07\/rolando.webp 500w, https:\/\/pcbc.org\/wp-content\/uploads\/2024\/07\/rolando-150x150.webp 150w\" sizes=\"auto, (max-width: 500px) 100vw, 500px\" \/><\/figure><div class=\"staff-info\"><h3><a href=\"https:\/\/pcbc.org\/es\/staff\/dr-rolando-aguirre\/\" data-fancybox data-type=\"ajax\" data-filter=\"#bio\" data-src=\"https:\/\/pcbc.org\/es\/staff\/dr-rolando-aguirre\/\">Dr. Rolando Aguirre<\/a><\/h3><small>Pastor de Park Cities en Espa\u00f1ol<\/small><\/div><\/div><div class=\"staff\" data-title=\"Amin Calvo\"><figure><img loading=\"lazy\" decoding=\"async\" width=\"600\" height=\"600\" src=\"https:\/\/pcbc.org\/wp-content\/uploads\/2024\/07\/photo-jul-27-11-28-44-am-600x600.webp\" class=\"attachment-thumb_uncropped size-thumb_uncropped wp-post-image\" alt=\"\" srcset=\"https:\/\/pcbc.org\/wp-content\/uploads\/2024\/07\/photo-jul-27-11-28-44-am-600x600.webp 600w, https:\/\/pcbc.org\/wp-content\/uploads\/2024\/07\/photo-jul-27-11-28-44-am-1280x1280.webp 1280w, https:\/\/pcbc.org\/wp-content\/uploads\/2024\/07\/photo-jul-27-11-28-44-am-1600x1600.webp 1600w, https:\/\/pcbc.org\/wp-content\/uploads\/2024\/07\/photo-jul-27-11-28-44-am-1440x1440.webp 1440w, https:\/\/pcbc.org\/wp-content\/uploads\/2024\/07\/photo-jul-27-11-28-44-am-1536x1536.webp 1536w, https:\/\/pcbc.org\/wp-content\/uploads\/2024\/07\/photo-jul-27-11-28-44-am-2048x2048.webp 2048w, https:\/\/pcbc.org\/wp-content\/uploads\/2024\/07\/photo-jul-27-11-28-44-am-150x150.webp 150w\" sizes=\"auto, (max-width: 600px) 100vw, 600px\" \/><\/figure><div class=\"staff-info\"><h3><a href=\"https:\/\/pcbc.org\/es\/staff\/amin-calvo\/\" data-fancybox data-type=\"ajax\" data-filter=\"#bio\" data-src=\"https:\/\/pcbc.org\/es\/staff\/amin-calvo\/\">Amin Calvo<\/a><\/h3><small>Ministro de Misiones Comunitarias\/Asociado de SLM<\/small><\/div><\/div><div class=\"staff\" data-title=\"Luisa Angel\"><figure><img loading=\"lazy\" decoding=\"async\" width=\"600\" height=\"600\" src=\"https:\/\/pcbc.org\/wp-content\/uploads\/2024\/07\/luisa-angel-600x600.webp\" class=\"attachment-thumb_uncropped size-thumb_uncropped wp-post-image\" alt=\"\" srcset=\"https:\/\/pcbc.org\/wp-content\/uploads\/2024\/07\/luisa-angel-600x600.webp 600w, https:\/\/pcbc.org\/wp-content\/uploads\/2024\/07\/luisa-angel-1280x1280.webp 1280w, https:\/\/pcbc.org\/wp-content\/uploads\/2024\/07\/luisa-angel-1600x1600.webp 1600w, https:\/\/pcbc.org\/wp-content\/uploads\/2024\/07\/luisa-angel-1440x1440.webp 1440w, https:\/\/pcbc.org\/wp-content\/uploads\/2024\/07\/luisa-angel-1536x1536.webp 1536w, https:\/\/pcbc.org\/wp-content\/uploads\/2024\/07\/luisa-angel-2048x2048.webp 2048w, https:\/\/pcbc.org\/wp-content\/uploads\/2024\/07\/luisa-angel-150x150.webp 150w\" sizes=\"auto, (max-width: 600px) 100vw, 600px\" \/><\/figure><div class=\"staff-info\"><h3><a href=\"https:\/\/pcbc.org\/es\/staff\/luisa-angel\/\" data-fancybox data-type=\"ajax\" data-filter=\"#bio\" data-src=\"https:\/\/pcbc.org\/es\/staff\/luisa-angel\/\">Luisa Angel<\/a><\/h3><small>Asociada al Ministerio Vickery<\/small><\/div><\/div><\/div><\/div>\n\n\n        <\/div>\n    \n\n    <\/section>\n<\/div>\n","protected":false},"excerpt":{"rendered":"<p>Bienvenidos Campus Bachman Lake Ya sea que nos visites en nuestro campus principal en Park Cities, Bachman Lake o Vickery, nuestra oraci\u00f3n es que seas bendecido y puedas encontrar comunidad&hellip; <a class=\"more-link\" href=\"https:\/\/pcbc.org\/es\/bachman\/\">Sigue Leyendo<\/a><\/p>\n","protected":false},"author":12,"featured_media":1976,"parent":0,"menu_order":0,"comment_status":"closed","ping_status":"closed","template":"","meta":{"_acf_changed":false,"footnotes":""},"class_list":["post-2146","page","type-page","status-publish","has-post-thumbnail","hentry"],"acf":[],"yoast_head":"<!-- This site is optimized with the Yoast SEO Premium plugin v26.9 (Yoast SEO v27.1.1) - https:\/\/yoast.com\/product\/yoast-seo-premium-wordpress\/ -->\n<title>Bachman Lake - Park Cities Baptist Church<\/title>\n<meta name=\"description\" content=\"Bienvenidos Campus Bachman Lake Ya sea que nos visites en nuestro campus principal en Park Cities, Bachman Lake o Vickery, nuestra oraci\u00f3n es que seas\" \/>\n<meta name=\"robots\" content=\"index, follow, max-snippet:-1, max-image-preview:large, max-video-preview:-1\" \/>\n<link rel=\"canonical\" href=\"https:\/\/pcbc.org\/es\/bachman\/\" \/>\n<meta property=\"og:locale\" content=\"es_ES\" \/>\n<meta property=\"og:type\" content=\"article\" \/>\n<meta property=\"og:title\" content=\"Bachman Lake\" \/>\n<meta property=\"og:description\" content=\"Bienvenidos Campus Bachman Lake Ya sea que nos visites en nuestro campus principal en Park Cities, Bachman Lake o Vickery, nuestra oraci\u00f3n es que seas\" \/>\n<meta property=\"og:url\" content=\"https:\/\/pcbc.org\/es\/bachman\/\" \/>\n<meta property=\"og:site_name\" content=\"Park Cities Baptist Church\" \/>\n<meta property=\"article:publisher\" content=\"https:\/\/www.facebook.com\/parkcitiesbaptist\" \/>\n<meta property=\"article:modified_time\" content=\"2026-02-13T21:10:36+00:00\" \/>\n<meta property=\"og:image\" content=\"https:\/\/pcbc.org\/wp-content\/uploads\/2024\/08\/photo-sep-17-2023-11-39-10-am-scaled.webp\" \/>\n\t<meta property=\"og:image:width\" content=\"2560\" \/>\n\t<meta property=\"og:image:height\" content=\"1707\" \/>\n\t<meta property=\"og:image:type\" content=\"image\/webp\" \/>\n<meta name=\"twitter:card\" content=\"summary_large_image\" \/>\n<meta name=\"twitter:site\" content=\"@parkcitiesbap\" \/>\n<meta name=\"twitter:label1\" content=\"Tiempo de lectura\" \/>\n\t<meta name=\"twitter:data1\" content=\"3 minutos\" \/>\n<script type=\"application\/ld+json\" class=\"yoast-schema-graph\">{\"@context\":\"https:\/\/schema.org\",\"@graph\":[{\"@type\":\"WebPage\",\"@id\":\"https:\/\/pcbc.org\/es\/bachman\/\",\"url\":\"https:\/\/pcbc.org\/es\/bachman\/\",\"name\":\"Bachman Lake - Park Cities Baptist Church\",\"isPartOf\":{\"@id\":\"https:\/\/pcbc.org\/es\/#website\"},\"primaryImageOfPage\":{\"@id\":\"https:\/\/pcbc.org\/es\/bachman\/#primaryimage\"},\"image\":{\"@id\":\"https:\/\/pcbc.org\/es\/bachman\/#primaryimage\"},\"thumbnailUrl\":\"https:\/\/pcbc.org\/wp-content\/uploads\/2024\/08\/photo-sep-17-2023-11-39-10-am-scaled.webp\",\"datePublished\":\"2024-08-28T00:22:33+00:00\",\"dateModified\":\"2026-02-13T21:10:36+00:00\",\"description\":\"Bienvenidos Campus Bachman Lake Ya sea que nos visites en nuestro campus principal en Park Cities, Bachman Lake o Vickery, nuestra oraci\u00f3n es que seas\",\"breadcrumb\":{\"@id\":\"https:\/\/pcbc.org\/es\/bachman\/#breadcrumb\"},\"inLanguage\":\"es\",\"potentialAction\":[{\"@type\":\"ReadAction\",\"target\":[\"https:\/\/pcbc.org\/es\/bachman\/\"]}]},{\"@type\":\"ImageObject\",\"inLanguage\":\"es\",\"@id\":\"https:\/\/pcbc.org\/es\/bachman\/#primaryimage\",\"url\":\"https:\/\/pcbc.org\/wp-content\/uploads\/2024\/08\/photo-sep-17-2023-11-39-10-am-scaled.webp\",\"contentUrl\":\"https:\/\/pcbc.org\/wp-content\/uploads\/2024\/08\/photo-sep-17-2023-11-39-10-am-scaled.webp\",\"width\":2560,\"height\":1707},{\"@type\":\"BreadcrumbList\",\"@id\":\"https:\/\/pcbc.org\/es\/bachman\/#breadcrumb\",\"itemListElement\":[{\"@type\":\"ListItem\",\"position\":1,\"name\":\"Home\",\"item\":\"https:\/\/pcbc.org\/es\/\"},{\"@type\":\"ListItem\",\"position\":2,\"name\":\"Bachman Lake\"}]},{\"@type\":\"WebSite\",\"@id\":\"https:\/\/pcbc.org\/es\/#website\",\"url\":\"https:\/\/pcbc.org\/es\/\",\"name\":\"Park Cities Baptist Church\",\"description\":\"Leading all generations to love Jesus\",\"publisher\":{\"@id\":\"https:\/\/pcbc.org\/es\/#organization\"},\"alternateName\":\"PCBC\",\"potentialAction\":[{\"@type\":\"SearchAction\",\"target\":{\"@type\":\"EntryPoint\",\"urlTemplate\":\"https:\/\/pcbc.org\/es\/?s={search_term_string}\"},\"query-input\":{\"@type\":\"PropertyValueSpecification\",\"valueRequired\":true,\"valueName\":\"search_term_string\"}}],\"inLanguage\":\"es\"},{\"@type\":\"Organization\",\"@id\":\"https:\/\/pcbc.org\/es\/#organization\",\"name\":\"Park Cities Baptist Church\",\"alternateName\":\"PCBC\",\"url\":\"https:\/\/pcbc.org\/es\/\",\"logo\":{\"@type\":\"ImageObject\",\"inLanguage\":\"es\",\"@id\":\"https:\/\/pcbc.org\/es\/#\/schema\/logo\/image\/\",\"url\":\"https:\/\/pcbc.org\/wp-content\/uploads\/2024\/07\/Logo.png\",\"contentUrl\":\"https:\/\/pcbc.org\/wp-content\/uploads\/2024\/07\/Logo.png\",\"width\":600,\"height\":126,\"caption\":\"Park Cities Baptist Church\"},\"image\":{\"@id\":\"https:\/\/pcbc.org\/es\/#\/schema\/logo\/image\/\"},\"sameAs\":[\"https:\/\/www.facebook.com\/parkcitiesbaptist\",\"https:\/\/x.com\/parkcitiesbap\",\"https:\/\/www.instagram.com\/parkcitiesbaptistchurch\/\",\"https:\/\/www.youtube.com\/parkcitiesbaptistchurch\"]}]}<\/script>\n<!-- \/ Yoast SEO Premium plugin. -->","yoast_head_json":{"title":"Bachman Lake - Park Cities Baptist Church","description":"Bienvenidos Campus Bachman Lake Ya sea que nos visites en nuestro campus principal en Park Cities, Bachman Lake o Vickery, nuestra oraci\u00f3n es que seas","robots":{"index":"index","follow":"follow","max-snippet":"max-snippet:-1","max-image-preview":"max-image-preview:large","max-video-preview":"max-video-preview:-1"},"canonical":"https:\/\/pcbc.org\/es\/bachman\/","og_locale":"es_ES","og_type":"article","og_title":"Bachman Lake","og_description":"Bienvenidos Campus Bachman Lake Ya sea que nos visites en nuestro campus principal en Park Cities, Bachman Lake o Vickery, nuestra oraci\u00f3n es que seas","og_url":"https:\/\/pcbc.org\/es\/bachman\/","og_site_name":"Park Cities Baptist Church","article_publisher":"https:\/\/www.facebook.com\/parkcitiesbaptist","article_modified_time":"2026-02-13T21:10:36+00:00","og_image":[{"width":2560,"height":1707,"url":"https:\/\/pcbc.org\/wp-content\/uploads\/2024\/08\/photo-sep-17-2023-11-39-10-am-scaled.webp","type":"image\/webp"}],"twitter_card":"summary_large_image","twitter_site":"@parkcitiesbap","twitter_misc":{"Tiempo de lectura":"3 minutos"},"schema":{"@context":"https:\/\/schema.org","@graph":[{"@type":"WebPage","@id":"https:\/\/pcbc.org\/es\/bachman\/","url":"https:\/\/pcbc.org\/es\/bachman\/","name":"Bachman Lake - Park Cities Baptist Church","isPartOf":{"@id":"https:\/\/pcbc.org\/es\/#website"},"primaryImageOfPage":{"@id":"https:\/\/pcbc.org\/es\/bachman\/#primaryimage"},"image":{"@id":"https:\/\/pcbc.org\/es\/bachman\/#primaryimage"},"thumbnailUrl":"https:\/\/pcbc.org\/wp-content\/uploads\/2024\/08\/photo-sep-17-2023-11-39-10-am-scaled.webp","datePublished":"2024-08-28T00:22:33+00:00","dateModified":"2026-02-13T21:10:36+00:00","description":"Bienvenidos Campus Bachman Lake Ya sea que nos visites en nuestro campus principal en Park Cities, Bachman Lake o Vickery, nuestra oraci\u00f3n es que seas","breadcrumb":{"@id":"https:\/\/pcbc.org\/es\/bachman\/#breadcrumb"},"inLanguage":"es","potentialAction":[{"@type":"ReadAction","target":["https:\/\/pcbc.org\/es\/bachman\/"]}]},{"@type":"ImageObject","inLanguage":"es","@id":"https:\/\/pcbc.org\/es\/bachman\/#primaryimage","url":"https:\/\/pcbc.org\/wp-content\/uploads\/2024\/08\/photo-sep-17-2023-11-39-10-am-scaled.webp","contentUrl":"https:\/\/pcbc.org\/wp-content\/uploads\/2024\/08\/photo-sep-17-2023-11-39-10-am-scaled.webp","width":2560,"height":1707},{"@type":"BreadcrumbList","@id":"https:\/\/pcbc.org\/es\/bachman\/#breadcrumb","itemListElement":[{"@type":"ListItem","position":1,"name":"Home","item":"https:\/\/pcbc.org\/es\/"},{"@type":"ListItem","position":2,"name":"Bachman Lake"}]},{"@type":"WebSite","@id":"https:\/\/pcbc.org\/es\/#website","url":"https:\/\/pcbc.org\/es\/","name":"Park Cities Baptist Church","description":"Leading all generations to love Jesus","publisher":{"@id":"https:\/\/pcbc.org\/es\/#organization"},"alternateName":"PCBC","potentialAction":[{"@type":"SearchAction","target":{"@type":"EntryPoint","urlTemplate":"https:\/\/pcbc.org\/es\/?s={search_term_string}"},"query-input":{"@type":"PropertyValueSpecification","valueRequired":true,"valueName":"search_term_string"}}],"inLanguage":"es"},{"@type":"Organization","@id":"https:\/\/pcbc.org\/es\/#organization","name":"Park Cities Baptist Church","alternateName":"PCBC","url":"https:\/\/pcbc.org\/es\/","logo":{"@type":"ImageObject","inLanguage":"es","@id":"https:\/\/pcbc.org\/es\/#\/schema\/logo\/image\/","url":"https:\/\/pcbc.org\/wp-content\/uploads\/2024\/07\/Logo.png","contentUrl":"https:\/\/pcbc.org\/wp-content\/uploads\/2024\/07\/Logo.png","width":600,"height":126,"caption":"Park Cities Baptist Church"},"image":{"@id":"https:\/\/pcbc.org\/es\/#\/schema\/logo\/image\/"},"sameAs":["https:\/\/www.facebook.com\/parkcitiesbaptist","https:\/\/x.com\/parkcitiesbap","https:\/\/www.instagram.com\/parkcitiesbaptistchurch\/","https:\/\/www.youtube.com\/parkcitiesbaptistchurch"]}]}},"_links":{"self":[{"href":"https:\/\/pcbc.org\/es\/wp-json\/wp\/v2\/pages\/2146","targetHints":{"allow":["GET"]}}],"collection":[{"href":"https:\/\/pcbc.org\/es\/wp-json\/wp\/v2\/pages"}],"about":[{"href":"https:\/\/pcbc.org\/es\/wp-json\/wp\/v2\/types\/page"}],"author":[{"embeddable":true,"href":"https:\/\/pcbc.org\/es\/wp-json\/wp\/v2\/users\/12"}],"replies":[{"embeddable":true,"href":"https:\/\/pcbc.org\/es\/wp-json\/wp\/v2\/comments?post=2146"}],"version-history":[{"count":4,"href":"https:\/\/pcbc.org\/es\/wp-json\/wp\/v2\/pages\/2146\/revisions"}],"predecessor-version":[{"id":4744,"href":"https:\/\/pcbc.org\/es\/wp-json\/wp\/v2\/pages\/2146\/revisions\/4744"}],"wp:featuredmedia":[{"embeddable":true,"href":"https:\/\/pcbc.org\/es\/wp-json\/wp\/v2\/media\/1976"}],"wp:attachment":[{"href":"https:\/\/pcbc.org\/es\/wp-json\/wp\/v2\/media?parent=2146"}],"curies":[{"name":"wp","href":"https:\/\/api.w.org\/{rel}","templated":true}]}}