{"id":2076,"date":"2024-08-27T13:34:52","date_gmt":"2024-08-27T18:34:52","guid":{"rendered":"https:\/\/pcbc.org\/?page_id=2076"},"modified":"2026-03-27T17:52:38","modified_gmt":"2026-03-27T22:52:38","slug":"habitar","status":"publish","type":"page","link":"https:\/\/pcbc.org\/es\/habitar\/","title":{"rendered":"Diario Habitar"},"content":{"rendered":"\n<div class=\"wp-block-group alignfull has-background has-global-padding is-layout-constrained wp-block-group-is-layout-constrained\" style=\"background:linear-gradient(0deg,rgb(241,249,254) 0%,rgb(255,255,255) 100%);padding-top:0;padding-bottom:var(--wp--preset--spacing--100)\">\n<div class=\"wp-block-media-text alignwide is-stacked-on-mobile is-image-fill-element\"><figure  class=\"wp-block-media-text__media\"><img loading=\"lazy\" decoding=\"async\" width=\"2560\" height=\"1707\" alt=\"\" src=\"https:\/\/pcbc.org\/wp-content\/uploads\/2024\/08\/sixteen-miles-out-l-mnqn89i2s-unsplash-scaled.webp\" style=\"object-position:50% 50%;\" class=\"wp-image-1994 size-full\" srcset=\"https:\/\/pcbc.org\/wp-content\/uploads\/2024\/08\/sixteen-miles-out-l-mnqn89i2s-unsplash-scaled.webp 2560w, https:\/\/pcbc.org\/wp-content\/uploads\/2024\/08\/sixteen-miles-out-l-mnqn89i2s-unsplash-1280x853.webp 1280w, https:\/\/pcbc.org\/wp-content\/uploads\/2024\/08\/sixteen-miles-out-l-mnqn89i2s-unsplash-1600x1067.webp 1600w, https:\/\/pcbc.org\/wp-content\/uploads\/2024\/08\/sixteen-miles-out-l-mnqn89i2s-unsplash-1440x960.webp 1440w, https:\/\/pcbc.org\/wp-content\/uploads\/2024\/08\/sixteen-miles-out-l-mnqn89i2s-unsplash-1536x1024.webp 1536w, https:\/\/pcbc.org\/wp-content\/uploads\/2024\/08\/sixteen-miles-out-l-mnqn89i2s-unsplash-2048x1365.webp 2048w, https:\/\/pcbc.org\/wp-content\/uploads\/2024\/08\/sixteen-miles-out-l-mnqn89i2s-unsplash-600x400.webp 600w\" sizes=\"auto, (max-width: 2560px) 100vw, 2560px\" \/><\/figure><div class=\"wp-block-media-text__content\">\n<p class=\"has-charcoal-color has-text-color has-link-color has-accent-font-family has-x-small-font-size wp-elements-fdb03b233a0af7d85ddb4e9b1ce788db\" style=\"text-transform:uppercase\">La&nbsp;pr\u00e1ctica de plasmar nuestros&nbsp;pensamientos por escrito y articular&nbsp;nuestras reflexiones m\u00e1s profundas nos&nbsp;ayudan a crecer en nuestro caminar de la fe.<\/p>\n\n\n\n<p>El escribir en un diario lo que Dios nos dice&nbsp;nos ayuda a procesar y a poner en orden las&nbsp;grandes lecciones que Dios nos desea ense\u00f1ar individualmente para aplicarlas a nivel&nbsp;personal y&nbsp;as\u00ed poderlas compartir con otros.<\/p>\n\n\n\n<p>No olvides llevar tu diario los domingos para que puedas compartir con tu Grupo de Conexi\u00f3n como Dios ha hablado a tu vida mientras lees y escuchas. Tambi\u00e9n hay una p\u00e1gina donde puedes tomar notas de los sermones cada semana.<\/p>\n\n\n\n<p><strong>\u00a1Estamos juntos en este viaje, permaneciendo en la Palabra de Dios cada d\u00eda!<\/strong><\/p>\n\n\n\n<div class=\"wp-block-buttons is-layout-flex wp-block-buttons-is-layout-flex\">\n<div class=\"wp-block-button\"><a class=\"wp-block-button__link wp-element-button\" href=\"https:\/\/pcbc.org\/wp-content\/uploads\/2026\/03\/SPA-Dwell_Journal-_Q2-26.pdf\" target=\"_blank\" rel=\"noreferrer noopener\">Nuevo Diario Habitar<\/a><\/div>\n<\/div>\n\n\n\n<p><em>Descarga el Diario interactivo que podr\u00e1s actualizar en tu dispositivo.<\/em><\/p>\n<\/div><\/div>\n<\/div>\n\n\n\n<div class=\"wp-block-group alignfull has-global-padding is-layout-constrained wp-block-group-is-layout-constrained\" style=\"padding-top:var(--wp--preset--spacing--100);padding-bottom:var(--wp--preset--spacing--100)\">\n<div class=\"wp-block-columns alignwide is-layout-flex wp-container-core-columns-is-layout-b987c810 wp-block-columns-is-layout-flex\">\n<div class=\"wp-block-column is-style-sticky is-layout-flow wp-block-column-is-layout-flow\" style=\"flex-basis:35%\">\n<h2 class=\"wp-block-heading is-style-muted-heading has-large-font-size\" id=\"h-plan-de-lectura\">Plan de Lectura<\/h2>\n\n\n\n<h2 class=\"wp-block-heading has-x-large-font-size\" id=\"h-abril-2026\" style=\"border-style:none;border-width:0px\">Abril 2026<\/h2>\n<\/div>\n\n\n\n<div class=\"wp-block-column is-layout-flow wp-block-column-is-layout-flow\" style=\"flex-basis:65%\">\n<div class=\"wp-block-columns is-layout-flex wp-container-core-columns-is-layout-28f84493 wp-block-columns-is-layout-flex\">\n<div class=\"wp-block-column is-layout-flow wp-block-column-is-layout-flow\" style=\"flex-basis:100%\">\n<div class=\"wp-block-columns is-layout-flex wp-container-core-columns-is-layout-28f84493 wp-block-columns-is-layout-flex\">\n<div class=\"wp-block-column is-layout-flow wp-block-column-is-layout-flow\" style=\"flex-basis:100%\">\n<figure class=\"wp-block-table is-style-stripes\" style=\"margin-right:var(--wp--preset--spacing--25);margin-left:var(--wp--preset--spacing--25)\"><table class=\"has-fixed-layout\"><thead><tr><th>Fecha <\/th><th>Libro<\/th><\/tr><\/thead><tbody><tr><td>04\/01\/26 <\/td><td>Salmo 41&nbsp;<\/td><\/tr><tr><td>04\/02\/26<\/td><td>Jerem\u00edas 31:31-34<\/td><\/tr><tr><td>04\/03\/26<\/td><td>Isa\u00edas 53<\/td><\/tr><tr><td>04\/04\/26<\/td><td>Salmo 22<\/td><\/tr><tr><td>04\/05\/26<\/td><td>Salmo 16:8\u201311<\/td><\/tr><tr><td>04\/06\/26<\/td><td>2 Reyes 1<\/td><\/tr><tr><td>04\/07\/26<\/td><td>2 Reyes 2 &nbsp;<\/td><\/tr><tr><td>04\/08\/26<\/td><td>2 Reyes 3 &nbsp;<\/td><\/tr><tr><td>04\/09\/26<\/td><td>2 Reyes 4 &nbsp;<\/td><\/tr><tr><td>04\/10\/26<\/td><td>Salmos 68 &nbsp;<\/td><\/tr><tr><td>04\/11\/26<\/td><td>SAB<\/td><\/tr><tr><td>04\/12\/26<\/td><td>DOM<\/td><\/tr><tr><td>04\/13\/26<\/td><td>2 Reyes 5<\/td><\/tr><tr><td>04\/14\/26<\/td><td>2 Reyes 6<\/td><\/tr><tr><td>04\/15\/26<\/td><td>2 Reyes 7<\/td><\/tr><tr><td>04\/16\/26<\/td><td>2 Reyes 8<\/td><\/tr><tr><td>04\/17\/26<\/td><td>Salmos 69<\/td><\/tr><tr><td>04\/18\/26<\/td><td>SAB<\/td><\/tr><tr><td>04\/19\/26<\/td><td>DOM<\/td><\/tr><tr><td>04\/20\/26<\/td><td>2 Reyes 9<\/td><\/tr><tr><td>04\/21\/26<\/td><td>2 Reyes 10<\/td><\/tr><tr><td>04\/22\/26<\/td><td>2 Reyes 11<\/td><\/tr><tr><td>04\/23\/26<\/td><td>2 Reyes 12<\/td><\/tr><tr><td>04\/24\/26<\/td><td>Salmo 70<\/td><\/tr><tr><td>04\/25\/26<\/td><td>SAB<\/td><\/tr><tr><td>04\/26\/26<\/td><td>DOM<\/td><\/tr><tr><td>04\/27\/26<\/td><td>2 Reyes 13<\/td><\/tr><tr><td>04\/28\/26<\/td><td>2 Reyes 14<\/td><\/tr><tr><td>04\/29\/26<\/td><td>2 Reyes 15<\/td><\/tr><tr><td>04\/30\/26<\/td><td>2 Reyes 16<\/td><\/tr><tr><td><\/td><td><\/td><\/tr><\/tbody><\/table><\/figure>\n<\/div>\n<\/div>\n<\/div>\n<\/div>\n<\/div>\n<\/div>\n<\/div>\n\n\n\n<div class=\"wp-block-group alignfull has-secondary-background-color has-background has-global-padding is-layout-constrained wp-block-group-is-layout-constrained\" style=\"padding-top:var(--wp--preset--spacing--100);padding-bottom:var(--wp--preset--spacing--100)\">\n<div class=\"wp-block-columns alignwide is-layout-flex wp-container-core-columns-is-layout-b987c810 wp-block-columns-is-layout-flex\">\n<div class=\"wp-block-column is-layout-flow wp-block-column-is-layout-flow\"><section class=\"blocks block-video-player align \" id=\"block_meta_69c70a349ef83\">\n\n            <video poster=\"https:\/\/pcbc.org\/wp-content\/uploads\/2026\/01\/Screenshot-2026-01-13-at-12.20.37-PM-1600x895.png\" id=\"player_block_meta_69c70a349ef83\" playsinline controls>\n            <source src=\"https:\/\/s3.amazonaws.com\/account-media\/17857\/h264-720\/m\/0e16967620_1704743110_monsivais-testimony.mp4\" type=\"video\/mp4\" \/>\n        <\/video>\n    \n    <script>\n    jQuery(function($) {\n        $(document).ready(function() {\n            let player_block_meta_69c70a349ef83 = new Plyr('#player_block_meta_69c70a349ef83');\n        });\n    });\n    <\/script>\n<\/section>\n<\/div>\n\n\n\n<div class=\"wp-block-column is-vertically-aligned-center is-layout-flow wp-block-column-is-layout-flow\">\n<p class=\"has-shade-color has-text-color has-link-color has-primary-font-family has-medium-font-size wp-elements-69c1c7378b5dbef65facca76e9e2c5f4\" style=\"line-height:1.5\">Dedicarte a la Palabra de Dios puede cambiar tu vida. Escucha la historia de Melissa y Ricky Monsivais sobre el amor de Dios y su b\u00fasqueda a trav\u00e9s de la Palabra.<\/p>\n<\/div>\n<\/div>\n<\/div>\n\n\n\n<div class=\"wp-block-group alignfull has-shade-background-color has-background has-global-padding is-layout-constrained wp-block-group-is-layout-constrained\" style=\"padding-top:var(--wp--preset--spacing--100);padding-bottom:var(--wp--preset--spacing--100)\">\n<blockquote class=\"wp-block-quote has-text-align-center is-layout-flow wp-block-quote-is-layout-flow\">\n<p>Y ahora, que toda la gloria sea para Dios, quien puede lograr mucho m\u00e1s de lo que pudi\u00e9ramos pedir o incluso imaginar mediante su gran poder, que act\u00faa en nosotros.&nbsp;\u00a1Gloria a \u00e9l en la iglesia y en Cristo Jes\u00fas por todas las generaciones desde hoy y para siempre! Am\u00e9n.<\/p>\n<cite>Efesios 3:20-21<\/cite><\/blockquote>\n<\/div>\n","protected":false},"excerpt":{"rendered":"<p>La&nbsp;pr\u00e1ctica de plasmar nuestros&nbsp;pensamientos por escrito y articular&nbsp;nuestras reflexiones m\u00e1s profundas nos&nbsp;ayudan a crecer en nuestro caminar de la fe. El escribir en un diario lo que Dios nos dice&nbsp;nos&hellip; <a class=\"more-link\" href=\"https:\/\/pcbc.org\/es\/habitar\/\">Sigue Leyendo<\/a><\/p>\n","protected":false},"author":12,"featured_media":1994,"parent":0,"menu_order":0,"comment_status":"closed","ping_status":"closed","template":"","meta":{"_acf_changed":false,"footnotes":""},"class_list":["post-2076","page","type-page","status-publish","has-post-thumbnail","hentry"],"acf":[],"yoast_head":"<!-- This site is optimized with the Yoast SEO Premium plugin v27.3 (Yoast SEO v27.3) - https:\/\/yoast.com\/product\/yoast-seo-premium-wordpress\/ -->\n<title>Diario Habitar - Park Cities Baptist Church<\/title>\n<meta name=\"description\" content=\"La&nbsp;pr\u00e1ctica de plasmar nuestros&nbsp;pensamientos por escrito y articular&nbsp;nuestras reflexiones m\u00e1s profundas nos&nbsp;ayudan a crecer en nuestro\" \/>\n<meta name=\"robots\" content=\"index, follow, max-snippet:-1, max-image-preview:large, max-video-preview:-1\" \/>\n<link rel=\"canonical\" href=\"https:\/\/pcbc.org\/es\/habitar\/\" \/>\n<meta property=\"og:locale\" content=\"es_ES\" \/>\n<meta property=\"og:type\" content=\"article\" \/>\n<meta property=\"og:title\" content=\"Diario Habitar\" \/>\n<meta property=\"og:description\" content=\"La&nbsp;pr\u00e1ctica de plasmar nuestros&nbsp;pensamientos por escrito y articular&nbsp;nuestras reflexiones m\u00e1s profundas nos&nbsp;ayudan a crecer en nuestro\" \/>\n<meta property=\"og:url\" content=\"https:\/\/pcbc.org\/es\/habitar\/\" \/>\n<meta property=\"og:site_name\" content=\"Park Cities Baptist Church\" \/>\n<meta property=\"article:publisher\" content=\"https:\/\/www.facebook.com\/parkcitiesbaptist\" \/>\n<meta property=\"article:modified_time\" content=\"2026-03-27T22:52:38+00:00\" \/>\n<meta property=\"og:image\" content=\"https:\/\/pcbc.org\/wp-content\/uploads\/2024\/08\/sixteen-miles-out-l-mnqn89i2s-unsplash-scaled.webp\" \/>\n\t<meta property=\"og:image:width\" content=\"2560\" \/>\n\t<meta property=\"og:image:height\" content=\"1707\" \/>\n\t<meta property=\"og:image:type\" content=\"image\/webp\" \/>\n<meta name=\"twitter:card\" content=\"summary_large_image\" \/>\n<meta name=\"twitter:site\" content=\"@parkcitiesbap\" \/>\n<meta name=\"twitter:label1\" content=\"Tiempo de lectura\" \/>\n\t<meta name=\"twitter:data1\" content=\"2 minutos\" \/>\n<script type=\"application\/ld+json\" class=\"yoast-schema-graph\">{\"@context\":\"https:\\\/\\\/schema.org\",\"@graph\":[{\"@type\":\"WebPage\",\"@id\":\"https:\\\/\\\/pcbc.org\\\/es\\\/habitar\\\/\",\"url\":\"https:\\\/\\\/pcbc.org\\\/es\\\/habitar\\\/\",\"name\":\"Diario Habitar - Park Cities Baptist Church\",\"isPartOf\":{\"@id\":\"https:\\\/\\\/pcbc.org\\\/es\\\/#website\"},\"primaryImageOfPage\":{\"@id\":\"https:\\\/\\\/pcbc.org\\\/es\\\/habitar\\\/#primaryimage\"},\"image\":{\"@id\":\"https:\\\/\\\/pcbc.org\\\/es\\\/habitar\\\/#primaryimage\"},\"thumbnailUrl\":\"https:\\\/\\\/pcbc.org\\\/wp-content\\\/uploads\\\/2024\\\/08\\\/sixteen-miles-out-l-mnqn89i2s-unsplash-scaled.webp\",\"datePublished\":\"2024-08-27T18:34:52+00:00\",\"dateModified\":\"2026-03-27T22:52:38+00:00\",\"description\":\"La&nbsp;pr\u00e1ctica de plasmar nuestros&nbsp;pensamientos por escrito y articular&nbsp;nuestras reflexiones m\u00e1s profundas nos&nbsp;ayudan a crecer en nuestro\",\"breadcrumb\":{\"@id\":\"https:\\\/\\\/pcbc.org\\\/es\\\/habitar\\\/#breadcrumb\"},\"inLanguage\":\"es\",\"potentialAction\":[{\"@type\":\"ReadAction\",\"target\":[\"https:\\\/\\\/pcbc.org\\\/es\\\/habitar\\\/\"]}]},{\"@type\":\"ImageObject\",\"inLanguage\":\"es\",\"@id\":\"https:\\\/\\\/pcbc.org\\\/es\\\/habitar\\\/#primaryimage\",\"url\":\"https:\\\/\\\/pcbc.org\\\/wp-content\\\/uploads\\\/2024\\\/08\\\/sixteen-miles-out-l-mnqn89i2s-unsplash-scaled.webp\",\"contentUrl\":\"https:\\\/\\\/pcbc.org\\\/wp-content\\\/uploads\\\/2024\\\/08\\\/sixteen-miles-out-l-mnqn89i2s-unsplash-scaled.webp\",\"width\":2560,\"height\":1707},{\"@type\":\"BreadcrumbList\",\"@id\":\"https:\\\/\\\/pcbc.org\\\/es\\\/habitar\\\/#breadcrumb\",\"itemListElement\":[{\"@type\":\"ListItem\",\"position\":1,\"name\":\"Home\",\"item\":\"https:\\\/\\\/pcbc.org\\\/es\\\/\"},{\"@type\":\"ListItem\",\"position\":2,\"name\":\"Diario Habitar\"}]},{\"@type\":\"WebSite\",\"@id\":\"https:\\\/\\\/pcbc.org\\\/es\\\/#website\",\"url\":\"https:\\\/\\\/pcbc.org\\\/es\\\/\",\"name\":\"Park Cities Baptist Church\",\"description\":\"Leading all generations to love Jesus\",\"publisher\":{\"@id\":\"https:\\\/\\\/pcbc.org\\\/es\\\/#organization\"},\"alternateName\":\"PCBC\",\"potentialAction\":[{\"@type\":\"SearchAction\",\"target\":{\"@type\":\"EntryPoint\",\"urlTemplate\":\"https:\\\/\\\/pcbc.org\\\/es\\\/?s={search_term_string}\"},\"query-input\":{\"@type\":\"PropertyValueSpecification\",\"valueRequired\":true,\"valueName\":\"search_term_string\"}}],\"inLanguage\":\"es\"},{\"@type\":\"Organization\",\"@id\":\"https:\\\/\\\/pcbc.org\\\/es\\\/#organization\",\"name\":\"Park Cities Baptist Church\",\"alternateName\":\"PCBC\",\"url\":\"https:\\\/\\\/pcbc.org\\\/es\\\/\",\"logo\":{\"@type\":\"ImageObject\",\"inLanguage\":\"es\",\"@id\":\"https:\\\/\\\/pcbc.org\\\/es\\\/#\\\/schema\\\/logo\\\/image\\\/\",\"url\":\"https:\\\/\\\/pcbc.org\\\/wp-content\\\/uploads\\\/2024\\\/07\\\/Logo.png\",\"contentUrl\":\"https:\\\/\\\/pcbc.org\\\/wp-content\\\/uploads\\\/2024\\\/07\\\/Logo.png\",\"width\":600,\"height\":126,\"caption\":\"Park Cities Baptist Church\"},\"image\":{\"@id\":\"https:\\\/\\\/pcbc.org\\\/es\\\/#\\\/schema\\\/logo\\\/image\\\/\"},\"sameAs\":[\"https:\\\/\\\/www.facebook.com\\\/parkcitiesbaptist\",\"https:\\\/\\\/x.com\\\/parkcitiesbap\",\"https:\\\/\\\/www.instagram.com\\\/parkcitiesbaptistchurch\\\/\",\"https:\\\/\\\/www.youtube.com\\\/parkcitiesbaptistchurch\"]}]}<\/script>\n<!-- \/ Yoast SEO Premium plugin. -->","yoast_head_json":{"title":"Diario Habitar - Park Cities Baptist Church","description":"La&nbsp;pr\u00e1ctica de plasmar nuestros&nbsp;pensamientos por escrito y articular&nbsp;nuestras reflexiones m\u00e1s profundas nos&nbsp;ayudan a crecer en nuestro","robots":{"index":"index","follow":"follow","max-snippet":"max-snippet:-1","max-image-preview":"max-image-preview:large","max-video-preview":"max-video-preview:-1"},"canonical":"https:\/\/pcbc.org\/es\/habitar\/","og_locale":"es_ES","og_type":"article","og_title":"Diario Habitar","og_description":"La&nbsp;pr\u00e1ctica de plasmar nuestros&nbsp;pensamientos por escrito y articular&nbsp;nuestras reflexiones m\u00e1s profundas nos&nbsp;ayudan a crecer en nuestro","og_url":"https:\/\/pcbc.org\/es\/habitar\/","og_site_name":"Park Cities Baptist Church","article_publisher":"https:\/\/www.facebook.com\/parkcitiesbaptist","article_modified_time":"2026-03-27T22:52:38+00:00","og_image":[{"width":2560,"height":1707,"url":"https:\/\/pcbc.org\/wp-content\/uploads\/2024\/08\/sixteen-miles-out-l-mnqn89i2s-unsplash-scaled.webp","type":"image\/webp"}],"twitter_card":"summary_large_image","twitter_site":"@parkcitiesbap","twitter_misc":{"Tiempo de lectura":"2 minutos"},"schema":{"@context":"https:\/\/schema.org","@graph":[{"@type":"WebPage","@id":"https:\/\/pcbc.org\/es\/habitar\/","url":"https:\/\/pcbc.org\/es\/habitar\/","name":"Diario Habitar - Park Cities Baptist Church","isPartOf":{"@id":"https:\/\/pcbc.org\/es\/#website"},"primaryImageOfPage":{"@id":"https:\/\/pcbc.org\/es\/habitar\/#primaryimage"},"image":{"@id":"https:\/\/pcbc.org\/es\/habitar\/#primaryimage"},"thumbnailUrl":"https:\/\/pcbc.org\/wp-content\/uploads\/2024\/08\/sixteen-miles-out-l-mnqn89i2s-unsplash-scaled.webp","datePublished":"2024-08-27T18:34:52+00:00","dateModified":"2026-03-27T22:52:38+00:00","description":"La&nbsp;pr\u00e1ctica de plasmar nuestros&nbsp;pensamientos por escrito y articular&nbsp;nuestras reflexiones m\u00e1s profundas nos&nbsp;ayudan a crecer en nuestro","breadcrumb":{"@id":"https:\/\/pcbc.org\/es\/habitar\/#breadcrumb"},"inLanguage":"es","potentialAction":[{"@type":"ReadAction","target":["https:\/\/pcbc.org\/es\/habitar\/"]}]},{"@type":"ImageObject","inLanguage":"es","@id":"https:\/\/pcbc.org\/es\/habitar\/#primaryimage","url":"https:\/\/pcbc.org\/wp-content\/uploads\/2024\/08\/sixteen-miles-out-l-mnqn89i2s-unsplash-scaled.webp","contentUrl":"https:\/\/pcbc.org\/wp-content\/uploads\/2024\/08\/sixteen-miles-out-l-mnqn89i2s-unsplash-scaled.webp","width":2560,"height":1707},{"@type":"BreadcrumbList","@id":"https:\/\/pcbc.org\/es\/habitar\/#breadcrumb","itemListElement":[{"@type":"ListItem","position":1,"name":"Home","item":"https:\/\/pcbc.org\/es\/"},{"@type":"ListItem","position":2,"name":"Diario Habitar"}]},{"@type":"WebSite","@id":"https:\/\/pcbc.org\/es\/#website","url":"https:\/\/pcbc.org\/es\/","name":"Park Cities Baptist Church","description":"Leading all generations to love Jesus","publisher":{"@id":"https:\/\/pcbc.org\/es\/#organization"},"alternateName":"PCBC","potentialAction":[{"@type":"SearchAction","target":{"@type":"EntryPoint","urlTemplate":"https:\/\/pcbc.org\/es\/?s={search_term_string}"},"query-input":{"@type":"PropertyValueSpecification","valueRequired":true,"valueName":"search_term_string"}}],"inLanguage":"es"},{"@type":"Organization","@id":"https:\/\/pcbc.org\/es\/#organization","name":"Park Cities Baptist Church","alternateName":"PCBC","url":"https:\/\/pcbc.org\/es\/","logo":{"@type":"ImageObject","inLanguage":"es","@id":"https:\/\/pcbc.org\/es\/#\/schema\/logo\/image\/","url":"https:\/\/pcbc.org\/wp-content\/uploads\/2024\/07\/Logo.png","contentUrl":"https:\/\/pcbc.org\/wp-content\/uploads\/2024\/07\/Logo.png","width":600,"height":126,"caption":"Park Cities Baptist Church"},"image":{"@id":"https:\/\/pcbc.org\/es\/#\/schema\/logo\/image\/"},"sameAs":["https:\/\/www.facebook.com\/parkcitiesbaptist","https:\/\/x.com\/parkcitiesbap","https:\/\/www.instagram.com\/parkcitiesbaptistchurch\/","https:\/\/www.youtube.com\/parkcitiesbaptistchurch"]}]}},"_links":{"self":[{"href":"https:\/\/pcbc.org\/es\/wp-json\/wp\/v2\/pages\/2076","targetHints":{"allow":["GET"]}}],"collection":[{"href":"https:\/\/pcbc.org\/es\/wp-json\/wp\/v2\/pages"}],"about":[{"href":"https:\/\/pcbc.org\/es\/wp-json\/wp\/v2\/types\/page"}],"author":[{"embeddable":true,"href":"https:\/\/pcbc.org\/es\/wp-json\/wp\/v2\/users\/12"}],"replies":[{"embeddable":true,"href":"https:\/\/pcbc.org\/es\/wp-json\/wp\/v2\/comments?post=2076"}],"version-history":[{"count":28,"href":"https:\/\/pcbc.org\/es\/wp-json\/wp\/v2\/pages\/2076\/revisions"}],"predecessor-version":[{"id":18702,"href":"https:\/\/pcbc.org\/es\/wp-json\/wp\/v2\/pages\/2076\/revisions\/18702"}],"wp:featuredmedia":[{"embeddable":true,"href":"https:\/\/pcbc.org\/es\/wp-json\/wp\/v2\/media\/1994"}],"wp:attachment":[{"href":"https:\/\/pcbc.org\/es\/wp-json\/wp\/v2\/media?parent=2076"}],"curies":[{"name":"wp","href":"https:\/\/api.w.org\/{rel}","templated":true}]}}