{"id":2030,"date":"2024-08-26T16:05:52","date_gmt":"2024-08-26T21:05:52","guid":{"rendered":"https:\/\/pcbc.org\/?page_id=2030"},"modified":"2024-08-26T16:33:47","modified_gmt":"2024-08-26T21:33:47","slug":"dar","status":"publish","type":"page","link":"https:\/\/pcbc.org\/es\/dar\/","title":{"rendered":"Dar"},"content":{"rendered":"\n<div class=\"wp-block-cover alignfull wp-duotone-grayscale\" style=\"padding-top:var(--wp--preset--spacing--125);padding-bottom:var(--wp--preset--spacing--125)\"><span aria-hidden=\"true\" class=\"wp-block-cover__background has-primary-background-color has-background-dim-80 has-background-dim\"><\/span><img loading=\"lazy\" decoding=\"async\" width=\"2000\" height=\"900\" class=\"wp-block-cover__image-background wp-image-1762\" alt=\"\" src=\"https:\/\/pcbc.org\/wp-content\/uploads\/2024\/08\/howtogive2024.webp\" style=\"object-position:50% 20%\" data-object-fit=\"cover\" data-object-position=\"50% 20%\" srcset=\"https:\/\/pcbc.org\/wp-content\/uploads\/2024\/08\/howtogive2024.webp 2000w, https:\/\/pcbc.org\/wp-content\/uploads\/2024\/08\/howtogive2024-1280x576.webp 1280w, https:\/\/pcbc.org\/wp-content\/uploads\/2024\/08\/howtogive2024-1600x720.webp 1600w, https:\/\/pcbc.org\/wp-content\/uploads\/2024\/08\/howtogive2024-1440x648.webp 1440w, https:\/\/pcbc.org\/wp-content\/uploads\/2024\/08\/howtogive2024-1536x691.webp 1536w, https:\/\/pcbc.org\/wp-content\/uploads\/2024\/08\/howtogive2024-600x270.webp 600w\" sizes=\"auto, (max-width: 2000px) 100vw, 2000px\" \/><div class=\"wp-block-cover__inner-container has-global-padding is-layout-constrained wp-block-cover-is-layout-constrained\">\n<div\n\taria-hidden=\"true\"\n\tclass=\"blocks block-responsive-spacer \"\n\t\tstyle=\"height: clamp(50px, calc(20px + 0.0625vw * 100), 100px)\">\n<\/div>\n\n\n\n<h2 class=\"wp-block-heading has-text-align-center is-style-default has-shade-color has-text-color has-link-color has-huge-font-size wp-elements-11d0a11ea16654b0880ee18974f00511\">Generosidad en PCBC<\/h2>\n\n\n\n<div class=\"wp-block-buttons is-content-justification-center is-layout-flex wp-container-core-buttons-is-layout-a89b3969 wp-block-buttons-is-layout-flex\">\n<div class=\"wp-block-button is-style-secondary-btn\"><a class=\"wp-block-button__link wp-element-button\" href=\"https:\/\/pcbc.tpsdb.com\/Give\/generosity\" target=\"_blank\" rel=\"noreferrer noopener\">Dar ahora<\/a><\/div>\n<\/div>\n<\/div><\/div>\n\n\n\n<div class=\"wp-block-group alignfull has-shade-background-color has-background has-global-padding is-layout-constrained wp-block-group-is-layout-constrained\" style=\"padding-top:var(--wp--preset--spacing--100);padding-bottom:0\">\n<p class=\"has-text-align-center has-charcoal-color has-text-color has-link-color has-accent-font-family wp-elements-c3493061241f4314722caf7c19c73135\" style=\"font-size:clamp(15.747px, 0.984rem + ((1vw - 3.2px) * 0.86), 24px);text-transform:uppercase\">Creemos que la familia PCBC est\u00e1 excepcionalmente calificada y estrat\u00e9gicamente posicionada para generar un impacto eterno para el reino de Dios dentro de nuestro cuerpo de iglesia, en la ciudad de Dallas y alrededor del mundo.<\/p>\n\n\n\n<p class=\"has-text-align-center\">En respuesta a este incre\u00edble privilegio que se nos ha otorgado, estamos firmemente comprometidos con los m\u00e1s altos est\u00e1ndares de administraci\u00f3n financiera y responsabilidad \u00e9tica. Damos nuestras ofrendas como un acto de adoraci\u00f3n a Dios y como fieles administradores de su iglesia.<\/p>\n<\/div>\n\n\n\n<div class=\"wp-block-group alignfull has-background has-global-padding is-layout-constrained wp-block-group-is-layout-constrained\" style=\"background:linear-gradient(0deg,rgb(255,255,255) 46%,rgb(241,249,254) 46%);padding-top:var(--wp--preset--spacing--50);padding-bottom:var(--wp--preset--spacing--50)\">\n<h2 class=\"wp-block-heading has-text-align-center has-charcoal-color has-text-color has-link-color has-x-large-font-size wp-elements-bd037c4055089c58130df7cefda4fca7\">Maneras de Dar<\/h2>\n\n\n\n<div style=\"height:48px\" aria-hidden=\"true\" class=\"wp-block-spacer\"><\/div>\n\n\n    \n<section class=\"blocks block-blurb-cards alignwide \" id=\"block_meta_66ccf4b9eb1d9\">\n        <div class=\"blurb-cards columns-3\">\n                <div class=\"blurb-card\">\n                            <figure><img loading=\"lazy\" decoding=\"async\" width=\"448\" height=\"448\" src=\"https:\/\/pcbc.org\/wp-content\/uploads\/2024\/08\/online.webp\" class=\"attachment-thumb_uncropped size-thumb_uncropped\" alt=\"\" srcset=\"https:\/\/pcbc.org\/wp-content\/uploads\/2024\/08\/online.webp 448w, https:\/\/pcbc.org\/wp-content\/uploads\/2024\/08\/online-150x150.webp 150w\" sizes=\"auto, (max-width: 448px) 100vw, 448px\" \/><\/figure>\n                        <div class=\"card-content\">\n                <h2>Dar En L\u00ednea<\/h2>\n                <p>Utilice el enlace a continuaci\u00f3n para hacer su ofrenda en l\u00ednea, o puede utilizar nuestra plataforma Text to Give enviando un mensaje de texto al (469) 333-2095.<\/p>            <\/div>\n        <\/div>\n                <div class=\"blurb-card\">\n                            <figure><img loading=\"lazy\" decoding=\"async\" width=\"447\" height=\"447\" src=\"https:\/\/pcbc.org\/wp-content\/uploads\/2024\/08\/inperson.webp\" class=\"attachment-thumb_uncropped size-thumb_uncropped\" alt=\"\" srcset=\"https:\/\/pcbc.org\/wp-content\/uploads\/2024\/08\/inperson.webp 447w, https:\/\/pcbc.org\/wp-content\/uploads\/2024\/08\/inperson-150x150.webp 150w\" sizes=\"auto, (max-width: 447px) 100vw, 447px\" \/><\/figure>\n                        <div class=\"card-content\">\n                <h2>En Persona<\/h2>\n                <p>De lunes a viernes: Traiga su ofrenda al \u00e1rea com\u00fan entre las 9:00 a. m. y las 5:00 p. m. Domingos: Traiga su ofrenda a una de las cajas de ofrendas que se encuentran en el campus.<\/p>            <\/div>\n        <\/div>\n                <div class=\"blurb-card\">\n                            <figure><img loading=\"lazy\" decoding=\"async\" width=\"448\" height=\"448\" src=\"https:\/\/pcbc.org\/wp-content\/uploads\/2024\/08\/bymail.webp\" class=\"attachment-thumb_uncropped size-thumb_uncropped\" alt=\"\" srcset=\"https:\/\/pcbc.org\/wp-content\/uploads\/2024\/08\/bymail.webp 448w, https:\/\/pcbc.org\/wp-content\/uploads\/2024\/08\/bymail-150x150.webp 150w\" sizes=\"auto, (max-width: 448px) 100vw, 448px\" \/><\/figure>\n                        <div class=\"card-content\">\n                <h2>By Mail<\/h2>\n                <p>Env\u00ede su ofrenda a Park Cities Baptist Church, P.O. Box 12068, Dallas, TX 75225.<\/p>            <\/div>\n        <\/div>\n            <\/div>\n        \n<\/section>\n\n\n\n<div class=\"wp-block-buttons is-content-justification-center is-layout-flex wp-container-core-buttons-is-layout-a89b3969 wp-block-buttons-is-layout-flex\">\n<div class=\"wp-block-button\"><a class=\"wp-block-button__link wp-element-button\" href=\"https:\/\/pcbc.tpsdb.com\/Give\/generosity\" target=\"_blank\" rel=\"noreferrer noopener\">Dar a PCBC<\/a><\/div>\n<\/div>\n<\/div>\n\n\n\n<div class=\"wp-block-group alignfull has-shade-color has-secondary-background-color has-text-color has-background has-link-color wp-elements-4fa056b58a4156356708de3a1ebd3c47 has-global-padding is-layout-constrained wp-block-group-is-layout-constrained\" style=\"padding-top:var(--wp--preset--spacing--100);padding-bottom:var(--wp--preset--spacing--100)\">\n<div class=\"wp-block-media-text alignwide is-stacked-on-mobile is-image-fill is-style-md-gap\"><figure class=\"wp-block-media-text__media\" style=\"background-image:url(https:\/\/pcbc.org\/wp-content\/uploads\/2024\/08\/316037998_2154791568041671_1755404923996196158_n.jpg);background-position:50% 50%\"><img loading=\"lazy\" decoding=\"async\" width=\"1080\" height=\"1080\" src=\"https:\/\/pcbc.org\/wp-content\/uploads\/2024\/08\/316037998_2154791568041671_1755404923996196158_n.jpg\" alt=\"\" class=\"wp-image-2032 size-full\" srcset=\"https:\/\/pcbc.org\/wp-content\/uploads\/2024\/08\/316037998_2154791568041671_1755404923996196158_n.jpg 1080w, https:\/\/pcbc.org\/wp-content\/uploads\/2024\/08\/316037998_2154791568041671_1755404923996196158_n-600x600.jpg 600w, https:\/\/pcbc.org\/wp-content\/uploads\/2024\/08\/316037998_2154791568041671_1755404923996196158_n-150x150.jpg 150w\" sizes=\"auto, (max-width: 1080px) 100vw, 1080px\" \/><\/figure><div class=\"wp-block-media-text__content\">\n<div style=\"height:var(--wp--preset--spacing--50)\" aria-hidden=\"true\" class=\"wp-block-spacer\"><\/div>\n\n\n\n<h2 class=\"wp-block-heading is-style-muted-heading has-tertiary-alt-color has-text-color has-link-color wp-elements-6a952be65676f381c15326324c118362\">Otras formas de Dar<\/h2>\n\n\n\n<h3 class=\"wp-block-heading has-white-color has-text-color has-link-color has-large-font-size wp-elements-a279e2fdb8d2a133c65dda58484cce19\">A trav\u00e9s de nuestro sistema de membres\u00eda TouchPoint, usted puede<\/h3>\n\n\n\n<ul class=\"wp-block-list is-style-checklist\">\n<li>Vea su historial de donaciones iniciando sesi\u00f3n o creando un perfil a trav\u00e9s del bot\u00f3n\u00a0<a href=\"http:\/\/pcbc.tpsdb.com\/\" target=\"_blank\" rel=\"noreferrer noopener\">Iniciar sesi\u00f3n de miembro<\/a>\u00a0en la esquina superior derecha de esta p\u00e1gina.<\/li>\n\n\n\n<li>Realice una donaci\u00f3n \u00fanica o configure una donaci\u00f3n recurrente directamente en TouchPoint.<\/li>\n\n\n\n<li>Hacer donaciones al Fondo General (Presupuesto); Misiones (dirigido por el Comit\u00e9 de Misiones); o Fondo de Construcci\u00f3n. <em>Las donaciones a otros fondos se pueden hacer mediante acuerdo a trav\u00e9s de la Oficina de Finanzas.<\/em><\/li>\n<\/ul>\n\n\n\n<p>\u00a1La Oficina de Finanzas estar\u00e1 encantada de responder preguntas o guiarlo a trav\u00e9s del nuevo proceso! Comun\u00edquese con <a href=\"mailto:financialoffice@pcbc.org\">financialoffice@pcbc.org<\/a>.<\/p>\n\n\n\n<div style=\"height:var(--wp--preset--spacing--50)\" aria-hidden=\"true\" class=\"wp-block-spacer\"><\/div>\n<\/div><\/div>\n<\/div>\n\n\n\n<div\n\taria-hidden=\"true\"\n\tclass=\"blocks block-responsive-spacer \"\n\t\tstyle=\"height: clamp(50px, calc(20px + 0.0625vw * 100), 100px)\">\n<\/div>\n\n\n\n<section class=\"blocks block-tabs is-style-center-tabs\" id=\"block_meta_66ccf4b9eb22c\" style=\" \">\n    \n            <ul class=\"tabs-button\"><\/ul>\n        \n    <div class=\"tabs-content\">\n\n<div class=\"tab-content\">\n    <h3 class=\"tab-title\">Presupuesto y Finanzas<\/h3>    <div class=\"acf-innerblocks-container\">\n\n<p>El presupuesto anual se gestiona mediante una combinaci\u00f3n de pastores, personal del ministerio y comit\u00e9s. Existen procesos internos establecidos para presentar y aprobar los gastos del ministerio. Creemos en la transparencia en todo lo que hacemos, involucrando a m\u00e1s de 100 miembros de PCBC en la planificaci\u00f3n y asignaci\u00f3n de recursos para el ministerio de la iglesia cada a\u00f1o. El presupuesto anual es revisado y aprobado por un comit\u00e9 de finanzas, la comunidad de di\u00e1conos y la congregaci\u00f3n de la iglesia en nuestra sesi\u00f3n anual de Iglesia en Conferencia. Tambi\u00e9n nos sometemos a una auditor\u00eda independiente anual. En todo lo que hacemos, buscamos glorificar a Cristo con nuestros recursos y comunicar abiertamente a nuestros miembros exactamente c\u00f3mo se est\u00e1n utilizando sus donaciones para promover la causa de Cristo.<\/p>\n\n<\/div>\n<\/div>\n\n\n\n<div class=\"tab-content\">\n    <h3 class=\"tab-title\">Donaciones de Legado<\/h3>    <div class=\"acf-innerblocks-container\">\n\n<p>Una de las grandes bendiciones de nuestra familia PCBC son nuestros miembros, que han planificado que sus recursos sigan guiando a todas las generaciones a amar a Jes\u00fas incluso despu\u00e9s de que hayan fallecido. La mayor\u00eda de nosotros no podemos comenzar a contar las formas en que PCBC es como una familia, por lo que dar a trav\u00e9s de nuestras donaciones regulares y mediante la planificaci\u00f3n patrimonial es la forma en que podemos dar gracias y honrar a Dios. Consulte con su planificador financiero para estructurar el plan que sea mejor para usted, a trav\u00e9s de contribuciones como:<\/p>\n\n\n\n<p>Donaciones de acciones \u2022 Fideicomisos ben\u00e9ficos \u2022 Fondos designados \u2022 Donaciones de propiedades<\/p>\n\n<\/div>\n<\/div>\n\n\n\n<div class=\"tab-content\">\n    <h3 class=\"tab-title\">Donaciones de Acciones<\/h3>    <div class=\"acf-innerblocks-container\">\n\n<p>Si desea transferir acciones de su propiedad como donaci\u00f3n a PCBC, puede hacerlo a trav\u00e9s de los servicios del corredor Morgan Stanley. Siga los pasos a continuaci\u00f3n:<\/p>\n\n\n\n<h3 class=\"wp-block-heading is-style-default has-accent-font-family\" style=\"text-transform:uppercase\">Paso 1<\/h3>\n\n\n\n<p>Utilice la siguiente informaci\u00f3n para transferir contribuciones de acciones:<\/p>\n\n\n\n<p><strong>Morgan Stanley<br><\/strong>DTC#: 0015<br>Nombre de Cuenta: Park Cities Baptist Church (PCBC)<br>PCBC Acct#:\u00a0 048-105128-223\u00a0\u00a0\u00a0\u00a0\u00a0\u00a0\u00a0\u00a0\u00a0<br>PCBC Tax ID#: 75-0897960<br>Atenci\u00f3n al cliente: \u00a0\u00a0\u00a0\u00a0\u00a0\u00a0\u00a0\u00a0\u00a0<br>Irma Rodriguez: 214-661-7129<br>Charlie Esquivel: 214-661-7128<\/p>\n\n\n\n<h3 class=\"wp-block-heading is-style-default has-accent-font-family\" style=\"text-transform:uppercase\">Paso 2<\/h3>\n\n\n\n<p>Env\u00ede un correo electr\u00f3nico a la Oficina de Finanzas a <a href=\"mailto:financialoffice@pcbc.org\">financialoffice@pcbc.org<\/a> para notificarles sobre una transferencia de acciones. La Oficina de Finanzas liquida las acciones al recibirlas y usted recibir\u00e1 una carta de acuse de recibo.<\/p>\n\n\n\n<p><strong>\u00bfTiene preguntas sobre transferencias de acciones?<\/strong><br>Comun\u00edquese con Ann Chacko al 214.860.1511 o <a href=\"mailto:amchacko@pcbc.org\">amchacko@pcbc.org<\/a>.<\/p>\n\n<\/div>\n<\/div>\n\n\n\n<div class=\"tab-content\">\n    <h3 class=\"tab-title\">Distribuci\u00f3n ben\u00e9fica de IRA<\/h3>    <div class=\"acf-innerblocks-container\">\n\n<p>Para realizar una contribuci\u00f3n desde su IRA, comun\u00edquese con la organizaci\u00f3n que administra sus fondos de jubilaci\u00f3n y solicite que realicen una distribuci\u00f3n a nombre de Park Cities Baptist Church, PO Box 12068, Dallas, TX 75225.<\/p>\n\n<\/div>\n<\/div>\n\n<\/div>\n    <script>\n    jQuery(function($) {\n        $('body').ready(function() {\n        \n            $( \"#block_meta_66ccf4b9eb22c .tab-content\" ).each(function() {\n                var tabText = $(this).find('h3.tab-title').text();\n                var listItem = $('<li class=\"tab-button\">'+tabText+'<\/li>');\n                $(this).parent().prev('ul.tabs-button').append(listItem);\n            });\n        \n        });\n    });\n    <\/script>\n<\/section>\n","protected":false},"excerpt":{"rendered":"<p>Creemos que la familia PCBC est\u00e1 excepcionalmente calificada y estrat\u00e9gicamente posicionada para generar un impacto eterno para el reino de Dios dentro de nuestro cuerpo de iglesia, en la ciudad&hellip; <a class=\"more-link\" href=\"https:\/\/pcbc.org\/es\/dar\/\">Sigue Leyendo<\/a><\/p>\n","protected":false},"author":1,"featured_media":0,"parent":0,"menu_order":0,"comment_status":"closed","ping_status":"closed","template":"","meta":{"_acf_changed":true,"footnotes":""},"class_list":["post-2030","page","type-page","status-publish","hentry"],"acf":[],"yoast_head":"<!-- This site is optimized with the Yoast SEO Premium plugin v27.3 (Yoast SEO v27.3) - https:\/\/yoast.com\/product\/yoast-seo-premium-wordpress\/ -->\n<title>Dar - Park Cities Baptist Church<\/title>\n<meta name=\"description\" content=\"Generosidad en PCBC Dar ahora Creemos que la familia PCBC est\u00e1 excepcionalmente calificada y estrat\u00e9gicamente posicionada para generar un impacto eterno\" \/>\n<meta name=\"robots\" content=\"index, follow, max-snippet:-1, max-image-preview:large, max-video-preview:-1\" \/>\n<link rel=\"canonical\" href=\"https:\/\/pcbc.org\/es\/dar\/\" \/>\n<meta property=\"og:locale\" content=\"es_ES\" \/>\n<meta property=\"og:type\" content=\"article\" \/>\n<meta property=\"og:title\" content=\"Dar\" \/>\n<meta property=\"og:description\" content=\"Generosidad en PCBC Dar ahora Creemos que la familia PCBC est\u00e1 excepcionalmente calificada y estrat\u00e9gicamente posicionada para generar un impacto eterno\" \/>\n<meta property=\"og:url\" content=\"https:\/\/pcbc.org\/es\/dar\/\" \/>\n<meta property=\"og:site_name\" content=\"Park Cities Baptist Church\" \/>\n<meta property=\"article:publisher\" content=\"https:\/\/www.facebook.com\/parkcitiesbaptist\" \/>\n<meta property=\"article:modified_time\" content=\"2024-08-26T21:33:47+00:00\" \/>\n<meta property=\"og:image\" content=\"https:\/\/pcbc.org\/wp-content\/uploads\/2024\/08\/howtogive2024.webp\" \/>\n<meta name=\"twitter:card\" content=\"summary_large_image\" \/>\n<meta name=\"twitter:site\" content=\"@parkcitiesbap\" \/>\n<meta name=\"twitter:label1\" content=\"Tiempo de lectura\" \/>\n\t<meta name=\"twitter:data1\" content=\"3 minutos\" \/>\n<script type=\"application\/ld+json\" class=\"yoast-schema-graph\">{\"@context\":\"https:\\\/\\\/schema.org\",\"@graph\":[{\"@type\":\"WebPage\",\"@id\":\"https:\\\/\\\/pcbc.org\\\/es\\\/dar\\\/\",\"url\":\"https:\\\/\\\/pcbc.org\\\/es\\\/dar\\\/\",\"name\":\"Dar - Park Cities Baptist Church\",\"isPartOf\":{\"@id\":\"https:\\\/\\\/pcbc.org\\\/es\\\/#website\"},\"primaryImageOfPage\":{\"@id\":\"https:\\\/\\\/pcbc.org\\\/es\\\/dar\\\/#primaryimage\"},\"image\":{\"@id\":\"https:\\\/\\\/pcbc.org\\\/es\\\/dar\\\/#primaryimage\"},\"thumbnailUrl\":\"https:\\\/\\\/pcbc.org\\\/wp-content\\\/uploads\\\/2024\\\/08\\\/howtogive2024.webp\",\"datePublished\":\"2024-08-26T21:05:52+00:00\",\"dateModified\":\"2024-08-26T21:33:47+00:00\",\"description\":\"Generosidad en PCBC Dar ahora Creemos que la familia PCBC est\u00e1 excepcionalmente calificada y estrat\u00e9gicamente posicionada para generar un impacto eterno\",\"breadcrumb\":{\"@id\":\"https:\\\/\\\/pcbc.org\\\/es\\\/dar\\\/#breadcrumb\"},\"inLanguage\":\"es\",\"potentialAction\":[{\"@type\":\"ReadAction\",\"target\":[\"https:\\\/\\\/pcbc.org\\\/es\\\/dar\\\/\"]}]},{\"@type\":\"ImageObject\",\"inLanguage\":\"es\",\"@id\":\"https:\\\/\\\/pcbc.org\\\/es\\\/dar\\\/#primaryimage\",\"url\":\"https:\\\/\\\/pcbc.org\\\/wp-content\\\/uploads\\\/2024\\\/08\\\/howtogive2024.webp\",\"contentUrl\":\"https:\\\/\\\/pcbc.org\\\/wp-content\\\/uploads\\\/2024\\\/08\\\/howtogive2024.webp\"},{\"@type\":\"BreadcrumbList\",\"@id\":\"https:\\\/\\\/pcbc.org\\\/es\\\/dar\\\/#breadcrumb\",\"itemListElement\":[{\"@type\":\"ListItem\",\"position\":1,\"name\":\"Home\",\"item\":\"https:\\\/\\\/pcbc.org\\\/es\\\/\"},{\"@type\":\"ListItem\",\"position\":2,\"name\":\"Dar\"}]},{\"@type\":\"WebSite\",\"@id\":\"https:\\\/\\\/pcbc.org\\\/es\\\/#website\",\"url\":\"https:\\\/\\\/pcbc.org\\\/es\\\/\",\"name\":\"Park Cities Baptist Church\",\"description\":\"Leading all generations to love Jesus\",\"publisher\":{\"@id\":\"https:\\\/\\\/pcbc.org\\\/es\\\/#organization\"},\"alternateName\":\"PCBC\",\"potentialAction\":[{\"@type\":\"SearchAction\",\"target\":{\"@type\":\"EntryPoint\",\"urlTemplate\":\"https:\\\/\\\/pcbc.org\\\/es\\\/?s={search_term_string}\"},\"query-input\":{\"@type\":\"PropertyValueSpecification\",\"valueRequired\":true,\"valueName\":\"search_term_string\"}}],\"inLanguage\":\"es\"},{\"@type\":\"Organization\",\"@id\":\"https:\\\/\\\/pcbc.org\\\/es\\\/#organization\",\"name\":\"Park Cities Baptist Church\",\"alternateName\":\"PCBC\",\"url\":\"https:\\\/\\\/pcbc.org\\\/es\\\/\",\"logo\":{\"@type\":\"ImageObject\",\"inLanguage\":\"es\",\"@id\":\"https:\\\/\\\/pcbc.org\\\/es\\\/#\\\/schema\\\/logo\\\/image\\\/\",\"url\":\"https:\\\/\\\/pcbc.org\\\/wp-content\\\/uploads\\\/2024\\\/07\\\/Logo.png\",\"contentUrl\":\"https:\\\/\\\/pcbc.org\\\/wp-content\\\/uploads\\\/2024\\\/07\\\/Logo.png\",\"width\":600,\"height\":126,\"caption\":\"Park Cities Baptist Church\"},\"image\":{\"@id\":\"https:\\\/\\\/pcbc.org\\\/es\\\/#\\\/schema\\\/logo\\\/image\\\/\"},\"sameAs\":[\"https:\\\/\\\/www.facebook.com\\\/parkcitiesbaptist\",\"https:\\\/\\\/x.com\\\/parkcitiesbap\",\"https:\\\/\\\/www.instagram.com\\\/parkcitiesbaptistchurch\\\/\",\"https:\\\/\\\/www.youtube.com\\\/parkcitiesbaptistchurch\"]}]}<\/script>\n<!-- \/ Yoast SEO Premium plugin. -->","yoast_head_json":{"title":"Dar - Park Cities Baptist Church","description":"Generosidad en PCBC Dar ahora Creemos que la familia PCBC est\u00e1 excepcionalmente calificada y estrat\u00e9gicamente posicionada para generar un impacto eterno","robots":{"index":"index","follow":"follow","max-snippet":"max-snippet:-1","max-image-preview":"max-image-preview:large","max-video-preview":"max-video-preview:-1"},"canonical":"https:\/\/pcbc.org\/es\/dar\/","og_locale":"es_ES","og_type":"article","og_title":"Dar","og_description":"Generosidad en PCBC Dar ahora Creemos que la familia PCBC est\u00e1 excepcionalmente calificada y estrat\u00e9gicamente posicionada para generar un impacto eterno","og_url":"https:\/\/pcbc.org\/es\/dar\/","og_site_name":"Park Cities Baptist Church","article_publisher":"https:\/\/www.facebook.com\/parkcitiesbaptist","article_modified_time":"2024-08-26T21:33:47+00:00","og_image":[{"url":"https:\/\/pcbc.org\/wp-content\/uploads\/2024\/08\/howtogive2024.webp","type":"","width":"","height":""}],"twitter_card":"summary_large_image","twitter_site":"@parkcitiesbap","twitter_misc":{"Tiempo de lectura":"3 minutos"},"schema":{"@context":"https:\/\/schema.org","@graph":[{"@type":"WebPage","@id":"https:\/\/pcbc.org\/es\/dar\/","url":"https:\/\/pcbc.org\/es\/dar\/","name":"Dar - Park Cities Baptist Church","isPartOf":{"@id":"https:\/\/pcbc.org\/es\/#website"},"primaryImageOfPage":{"@id":"https:\/\/pcbc.org\/es\/dar\/#primaryimage"},"image":{"@id":"https:\/\/pcbc.org\/es\/dar\/#primaryimage"},"thumbnailUrl":"https:\/\/pcbc.org\/wp-content\/uploads\/2024\/08\/howtogive2024.webp","datePublished":"2024-08-26T21:05:52+00:00","dateModified":"2024-08-26T21:33:47+00:00","description":"Generosidad en PCBC Dar ahora Creemos que la familia PCBC est\u00e1 excepcionalmente calificada y estrat\u00e9gicamente posicionada para generar un impacto eterno","breadcrumb":{"@id":"https:\/\/pcbc.org\/es\/dar\/#breadcrumb"},"inLanguage":"es","potentialAction":[{"@type":"ReadAction","target":["https:\/\/pcbc.org\/es\/dar\/"]}]},{"@type":"ImageObject","inLanguage":"es","@id":"https:\/\/pcbc.org\/es\/dar\/#primaryimage","url":"https:\/\/pcbc.org\/wp-content\/uploads\/2024\/08\/howtogive2024.webp","contentUrl":"https:\/\/pcbc.org\/wp-content\/uploads\/2024\/08\/howtogive2024.webp"},{"@type":"BreadcrumbList","@id":"https:\/\/pcbc.org\/es\/dar\/#breadcrumb","itemListElement":[{"@type":"ListItem","position":1,"name":"Home","item":"https:\/\/pcbc.org\/es\/"},{"@type":"ListItem","position":2,"name":"Dar"}]},{"@type":"WebSite","@id":"https:\/\/pcbc.org\/es\/#website","url":"https:\/\/pcbc.org\/es\/","name":"Park Cities Baptist Church","description":"Leading all generations to love Jesus","publisher":{"@id":"https:\/\/pcbc.org\/es\/#organization"},"alternateName":"PCBC","potentialAction":[{"@type":"SearchAction","target":{"@type":"EntryPoint","urlTemplate":"https:\/\/pcbc.org\/es\/?s={search_term_string}"},"query-input":{"@type":"PropertyValueSpecification","valueRequired":true,"valueName":"search_term_string"}}],"inLanguage":"es"},{"@type":"Organization","@id":"https:\/\/pcbc.org\/es\/#organization","name":"Park Cities Baptist Church","alternateName":"PCBC","url":"https:\/\/pcbc.org\/es\/","logo":{"@type":"ImageObject","inLanguage":"es","@id":"https:\/\/pcbc.org\/es\/#\/schema\/logo\/image\/","url":"https:\/\/pcbc.org\/wp-content\/uploads\/2024\/07\/Logo.png","contentUrl":"https:\/\/pcbc.org\/wp-content\/uploads\/2024\/07\/Logo.png","width":600,"height":126,"caption":"Park Cities Baptist Church"},"image":{"@id":"https:\/\/pcbc.org\/es\/#\/schema\/logo\/image\/"},"sameAs":["https:\/\/www.facebook.com\/parkcitiesbaptist","https:\/\/x.com\/parkcitiesbap","https:\/\/www.instagram.com\/parkcitiesbaptistchurch\/","https:\/\/www.youtube.com\/parkcitiesbaptistchurch"]}]}},"_links":{"self":[{"href":"https:\/\/pcbc.org\/es\/wp-json\/wp\/v2\/pages\/2030","targetHints":{"allow":["GET"]}}],"collection":[{"href":"https:\/\/pcbc.org\/es\/wp-json\/wp\/v2\/pages"}],"about":[{"href":"https:\/\/pcbc.org\/es\/wp-json\/wp\/v2\/types\/page"}],"author":[{"embeddable":true,"href":"https:\/\/pcbc.org\/es\/wp-json\/wp\/v2\/users\/1"}],"replies":[{"embeddable":true,"href":"https:\/\/pcbc.org\/es\/wp-json\/wp\/v2\/comments?post=2030"}],"version-history":[{"count":0,"href":"https:\/\/pcbc.org\/es\/wp-json\/wp\/v2\/pages\/2030\/revisions"}],"wp:attachment":[{"href":"https:\/\/pcbc.org\/es\/wp-json\/wp\/v2\/media?parent=2030"}],"curies":[{"name":"wp","href":"https:\/\/api.w.org\/{rel}","templated":true}]}}