{"id":1990,"date":"2024-08-26T14:48:00","date_gmt":"2024-08-26T19:48:00","guid":{"rendered":"https:\/\/pcbc.org\/?page_id=1990"},"modified":"2026-02-13T15:11:08","modified_gmt":"2026-02-13T21:11:08","slug":"planea-tu-visita","status":"publish","type":"page","link":"https:\/\/pcbc.org\/es\/planea-tu-visita\/","title":{"rendered":"Planea Tu Visita"},"content":{"rendered":"\n<div class=\"wp-block-cover alignfull\" style=\"padding-top:var(--wp--preset--spacing--250);padding-bottom:var(--wp--preset--spacing--100)\"><span aria-hidden=\"true\" class=\"wp-block-cover__background has-background-dim-100 has-background-dim wp-block-cover__gradient-background has-background-gradient has-transparent-to-charcoal-gradient-background\"><\/span><img loading=\"lazy\" decoding=\"async\" width=\"2560\" height=\"1707\" class=\"wp-block-cover__image-background wp-image-2054\" alt=\"\" src=\"https:\/\/pcbc.org\/wp-content\/uploads\/2024\/08\/1a9a0097-scaled.webp\" style=\"object-position:50% 35%\" data-object-fit=\"cover\" data-object-position=\"50% 35%\" srcset=\"https:\/\/pcbc.org\/wp-content\/uploads\/2024\/08\/1a9a0097-scaled.webp 2560w, https:\/\/pcbc.org\/wp-content\/uploads\/2024\/08\/1a9a0097-1280x853.webp 1280w, https:\/\/pcbc.org\/wp-content\/uploads\/2024\/08\/1a9a0097-1600x1067.webp 1600w, https:\/\/pcbc.org\/wp-content\/uploads\/2024\/08\/1a9a0097-1440x960.webp 1440w, https:\/\/pcbc.org\/wp-content\/uploads\/2024\/08\/1a9a0097-1536x1024.webp 1536w, https:\/\/pcbc.org\/wp-content\/uploads\/2024\/08\/1a9a0097-2048x1365.webp 2048w, https:\/\/pcbc.org\/wp-content\/uploads\/2024\/08\/1a9a0097-600x400.webp 600w\" sizes=\"auto, (max-width: 2560px) 100vw, 2560px\" \/><div class=\"wp-block-cover__inner-container has-global-padding is-layout-constrained wp-block-cover-is-layout-constrained\">\n<div\n\taria-hidden=\"true\"\n\tclass=\"blocks block-responsive-spacer \"\n\t\tstyle=\"height: clamp(50px, calc(20px + 0.0625vw * 100), 100px)\">\n<\/div>\n<\/div><\/div>\n\n\n\n<div class=\"wp-block-group alignfull has-charcoal-background-color has-background has-global-padding is-layout-constrained wp-container-core-group-is-layout-2c333601 wp-block-group-is-layout-constrained\" style=\"padding-bottom:var(--wp--preset--spacing--100)\">\n<h2 class=\"wp-block-heading has-text-align-center is-style-muted-heading has-tertiary-alt-color has-text-color has-link-color wp-elements-4ad9bd83432598f990dacc9603fd2859\">Planea tu Visita<\/h2>\n\n\n\n<h2 class=\"wp-block-heading has-text-align-center is-style-default has-white-color has-text-color has-link-color has-huge-font-size wp-elements-f6f8195714f6d4aca04ad22e9c0d6e6f\">Una Iglesia. Tres Lugares.<\/h2>\n\n\n\n<p class=\"has-text-align-center has-text-color has-link-color has-x-small-font-size wp-elements-1fdb6c8955b1ab22a447c8cdb221b669\" style=\"color:#e0e0e0\">Ya sea que nos visites en nuestro campus principal en Park Cities, Bachman Lake o Vickery, nuestra oraci\u00f3n es que seas bendecido y puedas encontrar comunidad aqu\u00ed con nosotros. Estamos para servirte, no dudes en contactarnos para cualquier pregunta o duda. Env\u00edanos un email a&nbsp;<a href=\"mailto:contacto@pcbc.org\">contacto@pcbc.org<\/a><\/p>\n\n\n\n<div\n\taria-hidden=\"true\"\n\tclass=\"blocks block-responsive-spacer \"\n\t\tstyle=\"height: clamp(50px, calc(20px + 0.0625vw * 100), 100px)\">\n<\/div>\n\n\n    \n<section class=\"blocks block-blurb-posters alignwide is-style-slider-posters\" id=\"block_meta_6716b6db85ee3\">\n        <div class=\"f-carousel posters-slider block_meta_6716b6db85ee3\">\n                    <a class=\"f-carousel__slide f-carousel-card\" href=\"\/es\/park-cities\/\" target=\"_self\">\n                        <div class=\"poster-info\">\n                    <span class=\"muted-heading\">Campus <\/span>                    <h2>Park Cities<\/h2>\n                    <p class=\"description\"><\/p>                <\/div>\n                <img loading=\"lazy\" decoding=\"async\" width=\"1280\" height=\"853\" src=\"https:\/\/pcbc.org\/wp-content\/uploads\/2024\/08\/1a9a8190-1280x853.webp\" class=\"poster\" alt=\"\" srcset=\"https:\/\/pcbc.org\/wp-content\/uploads\/2024\/08\/1a9a8190-1280x853.webp 1280w, https:\/\/pcbc.org\/wp-content\/uploads\/2024\/08\/1a9a8190-1600x1067.webp 1600w, https:\/\/pcbc.org\/wp-content\/uploads\/2024\/08\/1a9a8190-1440x960.webp 1440w, https:\/\/pcbc.org\/wp-content\/uploads\/2024\/08\/1a9a8190-1536x1024.webp 1536w, https:\/\/pcbc.org\/wp-content\/uploads\/2024\/08\/1a9a8190-2048x1365.webp 2048w, https:\/\/pcbc.org\/wp-content\/uploads\/2024\/08\/1a9a8190-600x400.webp 600w\" sizes=\"auto, (max-width: 1280px) 100vw, 1280px\" \/>                    <\/a>\n            \n                    <a class=\"f-carousel__slide f-carousel-card\" href=\"\/es\/vickery\/\" target=\"_self\">\n                        <div class=\"poster-info\">\n                    <span class=\"muted-heading\">Campus<\/span>                    <h2>Vickery<\/h2>\n                    <p class=\"description\"><\/p>                <\/div>\n                <img loading=\"lazy\" decoding=\"async\" width=\"1280\" height=\"853\" src=\"https:\/\/pcbc.org\/wp-content\/uploads\/2024\/08\/vickery-herrera-14-1-1280x853.webp\" class=\"poster\" alt=\"\" srcset=\"https:\/\/pcbc.org\/wp-content\/uploads\/2024\/08\/vickery-herrera-14-1-1280x853.webp 1280w, https:\/\/pcbc.org\/wp-content\/uploads\/2024\/08\/vickery-herrera-14-1-1600x1067.webp 1600w, https:\/\/pcbc.org\/wp-content\/uploads\/2024\/08\/vickery-herrera-14-1-1440x960.webp 1440w, https:\/\/pcbc.org\/wp-content\/uploads\/2024\/08\/vickery-herrera-14-1-1536x1024.webp 1536w, https:\/\/pcbc.org\/wp-content\/uploads\/2024\/08\/vickery-herrera-14-1-2048x1365.webp 2048w, https:\/\/pcbc.org\/wp-content\/uploads\/2024\/08\/vickery-herrera-14-1-600x400.webp 600w\" sizes=\"auto, (max-width: 1280px) 100vw, 1280px\" \/>                    <\/a>\n            \n                    <a class=\"f-carousel__slide f-carousel-card\" href=\"\/es\/bachman\/\" target=\"_self\">\n                        <div class=\"poster-info\">\n                    <span class=\"muted-heading\">Campus<\/span>                    <h2>Bachman Lake<\/h2>\n                    <p class=\"description\"><\/p>                <\/div>\n                <img loading=\"lazy\" decoding=\"async\" width=\"1280\" height=\"853\" src=\"https:\/\/pcbc.org\/wp-content\/uploads\/2024\/08\/photo-sep-17-2023-11-39-10-am-1280x853.webp\" class=\"poster\" alt=\"\" srcset=\"https:\/\/pcbc.org\/wp-content\/uploads\/2024\/08\/photo-sep-17-2023-11-39-10-am-1280x853.webp 1280w, https:\/\/pcbc.org\/wp-content\/uploads\/2024\/08\/photo-sep-17-2023-11-39-10-am-1600x1067.webp 1600w, https:\/\/pcbc.org\/wp-content\/uploads\/2024\/08\/photo-sep-17-2023-11-39-10-am-1440x960.webp 1440w, https:\/\/pcbc.org\/wp-content\/uploads\/2024\/08\/photo-sep-17-2023-11-39-10-am-1536x1024.webp 1536w, https:\/\/pcbc.org\/wp-content\/uploads\/2024\/08\/photo-sep-17-2023-11-39-10-am-2048x1365.webp 2048w, https:\/\/pcbc.org\/wp-content\/uploads\/2024\/08\/photo-sep-17-2023-11-39-10-am-600x400.webp 600w\" sizes=\"auto, (max-width: 1280px) 100vw, 1280px\" \/>                    <\/a>\n            \n            <\/div>\n    \n        <script>\n        jQuery(document).ready(function () {\n            const containers = document.getElementsByClassName(\"block_meta_6716b6db85ee3\");\n            const options = {\n                infinite: false,\n                fill: true,\n                Navigation: true,\n                Dots: false,\n                transition: \"classic\"\n            };\n            \n            Array.from(containers).forEach(container => {\n                new Carousel(container, options);\n            });\n        });\n    <\/script>\n    <\/section>\n<\/div>\n\n\n\n<div\n\taria-hidden=\"true\"\n\tclass=\"blocks block-responsive-spacer \"\n\t\tstyle=\"height: clamp(50px, calc(20px + 0.0625vw * 100), 100px)\">\n<\/div>\n\n\n\n<h2 class=\"wp-block-heading alignwide has-xx-large-font-size\">Nuestro Personal<\/h2>\n\n\n\n<div style=\"height:40px\" aria-hidden=\"true\" class=\"wp-block-spacer\"><\/div>\n\n\n\n<section class=\"blocks block-leadership alignwide \" id=\"\" style=\" \">\n    \n    <div class=\"container\">    \n            \n        <div class=\"staff-list\" id=\"staff-list\"><div class=\"department\"><div class=\"staff\" data-title=\"Dr. Rolando Aguirre\"><figure><img loading=\"lazy\" decoding=\"async\" width=\"500\" height=\"500\" src=\"https:\/\/pcbc.org\/wp-content\/uploads\/2024\/07\/rolando.webp\" class=\"attachment-thumb_uncropped size-thumb_uncropped wp-post-image\" alt=\"\" srcset=\"https:\/\/pcbc.org\/wp-content\/uploads\/2024\/07\/rolando.webp 500w, https:\/\/pcbc.org\/wp-content\/uploads\/2024\/07\/rolando-150x150.webp 150w\" sizes=\"auto, (max-width: 500px) 100vw, 500px\" \/><\/figure><div class=\"staff-info\"><h3><a href=\"https:\/\/pcbc.org\/es\/staff\/dr-rolando-aguirre\/\" data-fancybox data-type=\"ajax\" data-filter=\"#bio\" data-src=\"https:\/\/pcbc.org\/es\/staff\/dr-rolando-aguirre\/\">Dr. Rolando Aguirre<\/a><\/h3><small>Pastor de Park Cities en Espa\u00f1ol<\/small><\/div><\/div><div class=\"staff\" data-title=\"Amin Calvo\"><figure><img loading=\"lazy\" decoding=\"async\" width=\"600\" height=\"600\" src=\"https:\/\/pcbc.org\/wp-content\/uploads\/2024\/07\/photo-jul-27-11-28-44-am-600x600.webp\" class=\"attachment-thumb_uncropped size-thumb_uncropped wp-post-image\" alt=\"\" srcset=\"https:\/\/pcbc.org\/wp-content\/uploads\/2024\/07\/photo-jul-27-11-28-44-am-600x600.webp 600w, https:\/\/pcbc.org\/wp-content\/uploads\/2024\/07\/photo-jul-27-11-28-44-am-1280x1280.webp 1280w, https:\/\/pcbc.org\/wp-content\/uploads\/2024\/07\/photo-jul-27-11-28-44-am-1600x1600.webp 1600w, https:\/\/pcbc.org\/wp-content\/uploads\/2024\/07\/photo-jul-27-11-28-44-am-1440x1440.webp 1440w, https:\/\/pcbc.org\/wp-content\/uploads\/2024\/07\/photo-jul-27-11-28-44-am-1536x1536.webp 1536w, https:\/\/pcbc.org\/wp-content\/uploads\/2024\/07\/photo-jul-27-11-28-44-am-2048x2048.webp 2048w, https:\/\/pcbc.org\/wp-content\/uploads\/2024\/07\/photo-jul-27-11-28-44-am-150x150.webp 150w\" sizes=\"auto, (max-width: 600px) 100vw, 600px\" \/><\/figure><div class=\"staff-info\"><h3><a href=\"https:\/\/pcbc.org\/es\/staff\/amin-calvo\/\" data-fancybox data-type=\"ajax\" data-filter=\"#bio\" data-src=\"https:\/\/pcbc.org\/es\/staff\/amin-calvo\/\">Amin Calvo<\/a><\/h3><small>Ministro de Misiones Comunitarias\/Asociado de SLM<\/small><\/div><\/div><div class=\"staff\" data-title=\"Luisa Angel\"><figure><img loading=\"lazy\" decoding=\"async\" width=\"600\" height=\"600\" src=\"https:\/\/pcbc.org\/wp-content\/uploads\/2024\/07\/luisa-angel-600x600.webp\" class=\"attachment-thumb_uncropped size-thumb_uncropped wp-post-image\" alt=\"\" srcset=\"https:\/\/pcbc.org\/wp-content\/uploads\/2024\/07\/luisa-angel-600x600.webp 600w, https:\/\/pcbc.org\/wp-content\/uploads\/2024\/07\/luisa-angel-1280x1280.webp 1280w, https:\/\/pcbc.org\/wp-content\/uploads\/2024\/07\/luisa-angel-1600x1600.webp 1600w, https:\/\/pcbc.org\/wp-content\/uploads\/2024\/07\/luisa-angel-1440x1440.webp 1440w, https:\/\/pcbc.org\/wp-content\/uploads\/2024\/07\/luisa-angel-1536x1536.webp 1536w, https:\/\/pcbc.org\/wp-content\/uploads\/2024\/07\/luisa-angel-2048x2048.webp 2048w, https:\/\/pcbc.org\/wp-content\/uploads\/2024\/07\/luisa-angel-150x150.webp 150w\" sizes=\"auto, (max-width: 600px) 100vw, 600px\" \/><\/figure><div class=\"staff-info\"><h3><a href=\"https:\/\/pcbc.org\/es\/staff\/luisa-angel\/\" data-fancybox data-type=\"ajax\" data-filter=\"#bio\" data-src=\"https:\/\/pcbc.org\/es\/staff\/luisa-angel\/\">Luisa Angel<\/a><\/h3><small>Asociada al Ministerio Vickery<\/small><\/div><\/div><div class=\"staff\" data-title=\"Alma Escobar\"><figure><img loading=\"lazy\" decoding=\"async\" width=\"600\" height=\"600\" src=\"https:\/\/pcbc.org\/wp-content\/uploads\/2024\/07\/headshot0011almaescobar-600x600.webp\" class=\"attachment-thumb_uncropped size-thumb_uncropped wp-post-image\" alt=\"\" srcset=\"https:\/\/pcbc.org\/wp-content\/uploads\/2024\/07\/headshot0011almaescobar-600x600.webp 600w, https:\/\/pcbc.org\/wp-content\/uploads\/2024\/07\/headshot0011almaescobar-150x150.webp 150w, https:\/\/pcbc.org\/wp-content\/uploads\/2024\/07\/headshot0011almaescobar.webp 1080w\" sizes=\"auto, (max-width: 600px) 100vw, 600px\" \/><\/figure><div class=\"staff-info\"><h3><a href=\"https:\/\/pcbc.org\/es\/staff\/alma-escobar\/\" data-fancybox data-type=\"ajax\" data-filter=\"#bio\" data-src=\"https:\/\/pcbc.org\/es\/staff\/alma-escobar\/\">Alma Escobar<\/a><\/h3><small>Asistente Ministerial<\/small><\/div><\/div><div class=\"staff\" data-title=\"Josh Lozada\"><figure><img loading=\"lazy\" decoding=\"async\" width=\"600\" height=\"600\" src=\"https:\/\/pcbc.org\/wp-content\/uploads\/2024\/07\/josh-lozada-600x600.jpg\" class=\"attachment-thumb_uncropped size-thumb_uncropped wp-post-image\" alt=\"\" srcset=\"https:\/\/pcbc.org\/wp-content\/uploads\/2024\/07\/josh-lozada-600x600.jpg 600w, https:\/\/pcbc.org\/wp-content\/uploads\/2024\/07\/josh-lozada-150x150.jpg 150w, https:\/\/pcbc.org\/wp-content\/uploads\/2024\/07\/josh-lozada.jpg 1024w\" sizes=\"auto, (max-width: 600px) 100vw, 600px\" \/><\/figure><div class=\"staff-info\"><h3><a href=\"https:\/\/pcbc.org\/es\/staff\/josh-lozada\/\" data-fancybox data-type=\"ajax\" data-filter=\"#bio\" data-src=\"https:\/\/pcbc.org\/es\/staff\/josh-lozada\/\">Josh Lozada<\/a><\/h3><small>Asociado de adoraci\u00f3n<\/small><\/div><\/div><div class=\"staff\" data-title=\"Abner Cortes\"><figure><img loading=\"lazy\" decoding=\"async\" width=\"600\" height=\"600\" src=\"https:\/\/pcbc.org\/wp-content\/uploads\/2024\/07\/Park-Cities-Leadership-600x600.webp\" class=\"attachment-thumb_uncropped size-thumb_uncropped wp-post-image\" alt=\"\" srcset=\"https:\/\/pcbc.org\/wp-content\/uploads\/2024\/07\/Park-Cities-Leadership-600x600.webp 600w, https:\/\/pcbc.org\/wp-content\/uploads\/2024\/07\/Park-Cities-Leadership-1280x1280.webp 1280w, https:\/\/pcbc.org\/wp-content\/uploads\/2024\/07\/Park-Cities-Leadership-1600x1600.webp 1600w, https:\/\/pcbc.org\/wp-content\/uploads\/2024\/07\/Park-Cities-Leadership-1440x1440.webp 1440w, https:\/\/pcbc.org\/wp-content\/uploads\/2024\/07\/Park-Cities-Leadership-1536x1536.webp 1536w, https:\/\/pcbc.org\/wp-content\/uploads\/2024\/07\/Park-Cities-Leadership-2048x2048.webp 2048w, https:\/\/pcbc.org\/wp-content\/uploads\/2024\/07\/Park-Cities-Leadership-150x150.webp 150w\" sizes=\"auto, (max-width: 600px) 100vw, 600px\" \/><\/figure><div class=\"staff-info\"><h3><a href=\"https:\/\/pcbc.org\/es\/staff\/abner-cortes\/\" data-fancybox data-type=\"ajax\" data-filter=\"#bio\" data-src=\"https:\/\/pcbc.org\/es\/staff\/abner-cortes\/\">Abner Cortes<\/a><\/h3><small>Asociado de adoraci\u00f3n<\/small><\/div><\/div><div class=\"staff\" data-title=\"Yanet Toledo\"><figure><img loading=\"lazy\" decoding=\"async\" width=\"600\" height=\"600\" src=\"https:\/\/pcbc.org\/wp-content\/uploads\/2024\/07\/yanet-toledo-600x600.webp\" class=\"attachment-thumb_uncropped size-thumb_uncropped wp-post-image\" alt=\"\" srcset=\"https:\/\/pcbc.org\/wp-content\/uploads\/2024\/07\/yanet-toledo-600x600.webp 600w, https:\/\/pcbc.org\/wp-content\/uploads\/2024\/07\/yanet-toledo-1280x1280.webp 1280w, https:\/\/pcbc.org\/wp-content\/uploads\/2024\/07\/yanet-toledo-1600x1600.webp 1600w, https:\/\/pcbc.org\/wp-content\/uploads\/2024\/07\/yanet-toledo-1440x1440.webp 1440w, https:\/\/pcbc.org\/wp-content\/uploads\/2024\/07\/yanet-toledo-1536x1536.webp 1536w, https:\/\/pcbc.org\/wp-content\/uploads\/2024\/07\/yanet-toledo-2048x2048.webp 2048w, https:\/\/pcbc.org\/wp-content\/uploads\/2024\/07\/yanet-toledo-150x150.webp 150w\" sizes=\"auto, (max-width: 600px) 100vw, 600px\" \/><\/figure><div class=\"staff-info\"><h3><a href=\"https:\/\/pcbc.org\/es\/staff\/yanet-toledo\/\" data-fancybox data-type=\"ajax\" data-filter=\"#bio\" data-src=\"https:\/\/pcbc.org\/es\/staff\/yanet-toledo\/\">Yanet Toledo<\/a><\/h3><small>Coordinadora del Ministerio<\/small><\/div><\/div><\/div><\/div>\n\n\n        <\/div>\n    \n\n    <\/section>\n","protected":false},"excerpt":{"rendered":"<p>Planea tu Visita Una Iglesia. Tres Lugares. Ya sea que nos visites en nuestro campus principal en Park Cities, Bachman Lake o Vickery, nuestra oraci\u00f3n es que seas bendecido y&hellip; <a class=\"more-link\" href=\"https:\/\/pcbc.org\/es\/planea-tu-visita\/\">Sigue Leyendo<\/a><\/p>\n","protected":false},"author":12,"featured_media":0,"parent":0,"menu_order":0,"comment_status":"closed","ping_status":"closed","template":"","meta":{"_acf_changed":false,"footnotes":""},"class_list":["post-1990","page","type-page","status-publish","hentry"],"acf":[],"yoast_head":"<!-- This site is optimized with the Yoast SEO Premium plugin v27.3 (Yoast SEO v27.3) - https:\/\/yoast.com\/product\/yoast-seo-premium-wordpress\/ -->\n<title>Planea Tu Visita - Park Cities Baptist Church<\/title>\n<meta name=\"description\" content=\"Planea tu Visita Una Iglesia. Tres Lugares. Ya sea que nos visites en nuestro campus principal en Park Cities, Bachman Lake o Vickery, nuestra oraci\u00f3n es\" \/>\n<meta name=\"robots\" content=\"index, follow, max-snippet:-1, max-image-preview:large, max-video-preview:-1\" \/>\n<link rel=\"canonical\" href=\"https:\/\/pcbc.org\/es\/planea-tu-visita\/\" \/>\n<meta property=\"og:locale\" content=\"es_ES\" \/>\n<meta property=\"og:type\" content=\"article\" \/>\n<meta property=\"og:title\" content=\"Planea Tu Visita\" \/>\n<meta property=\"og:description\" content=\"Planea tu Visita Una Iglesia. Tres Lugares. Ya sea que nos visites en nuestro campus principal en Park Cities, Bachman Lake o Vickery, nuestra oraci\u00f3n es\" \/>\n<meta property=\"og:url\" content=\"https:\/\/pcbc.org\/es\/planea-tu-visita\/\" \/>\n<meta property=\"og:site_name\" content=\"Park Cities Baptist Church\" \/>\n<meta property=\"article:publisher\" content=\"https:\/\/www.facebook.com\/parkcitiesbaptist\" \/>\n<meta property=\"article:modified_time\" content=\"2026-02-13T21:11:08+00:00\" \/>\n<meta property=\"og:image\" content=\"https:\/\/pcbc.org\/wp-content\/uploads\/2024\/08\/1a9a0097-scaled.webp\" \/>\n\t<meta property=\"og:image:width\" content=\"2560\" \/>\n\t<meta property=\"og:image:height\" content=\"1707\" \/>\n\t<meta property=\"og:image:type\" content=\"image\/webp\" \/>\n<meta name=\"twitter:card\" content=\"summary_large_image\" \/>\n<meta name=\"twitter:site\" content=\"@parkcitiesbap\" \/>\n<meta name=\"twitter:label1\" content=\"Tiempo de lectura\" \/>\n\t<meta name=\"twitter:data1\" content=\"1 minuto\" \/>\n<script type=\"application\/ld+json\" class=\"yoast-schema-graph\">{\"@context\":\"https:\\\/\\\/schema.org\",\"@graph\":[{\"@type\":\"WebPage\",\"@id\":\"https:\\\/\\\/pcbc.org\\\/es\\\/planea-tu-visita\\\/\",\"url\":\"https:\\\/\\\/pcbc.org\\\/es\\\/planea-tu-visita\\\/\",\"name\":\"Planea Tu Visita - Park Cities Baptist Church\",\"isPartOf\":{\"@id\":\"https:\\\/\\\/pcbc.org\\\/es\\\/#website\"},\"primaryImageOfPage\":{\"@id\":\"https:\\\/\\\/pcbc.org\\\/es\\\/planea-tu-visita\\\/#primaryimage\"},\"image\":{\"@id\":\"https:\\\/\\\/pcbc.org\\\/es\\\/planea-tu-visita\\\/#primaryimage\"},\"thumbnailUrl\":\"https:\\\/\\\/pcbc.org\\\/wp-content\\\/uploads\\\/2024\\\/08\\\/1a9a0097-scaled.webp\",\"datePublished\":\"2024-08-26T19:48:00+00:00\",\"dateModified\":\"2026-02-13T21:11:08+00:00\",\"description\":\"Planea tu Visita Una Iglesia. Tres Lugares. Ya sea que nos visites en nuestro campus principal en Park Cities, Bachman Lake o Vickery, nuestra oraci\u00f3n es\",\"breadcrumb\":{\"@id\":\"https:\\\/\\\/pcbc.org\\\/es\\\/planea-tu-visita\\\/#breadcrumb\"},\"inLanguage\":\"es\",\"potentialAction\":[{\"@type\":\"ReadAction\",\"target\":[\"https:\\\/\\\/pcbc.org\\\/es\\\/planea-tu-visita\\\/\"]}]},{\"@type\":\"ImageObject\",\"inLanguage\":\"es\",\"@id\":\"https:\\\/\\\/pcbc.org\\\/es\\\/planea-tu-visita\\\/#primaryimage\",\"url\":\"https:\\\/\\\/pcbc.org\\\/wp-content\\\/uploads\\\/2024\\\/08\\\/1a9a0097-scaled.webp\",\"contentUrl\":\"https:\\\/\\\/pcbc.org\\\/wp-content\\\/uploads\\\/2024\\\/08\\\/1a9a0097-scaled.webp\"},{\"@type\":\"BreadcrumbList\",\"@id\":\"https:\\\/\\\/pcbc.org\\\/es\\\/planea-tu-visita\\\/#breadcrumb\",\"itemListElement\":[{\"@type\":\"ListItem\",\"position\":1,\"name\":\"Home\",\"item\":\"https:\\\/\\\/pcbc.org\\\/es\\\/\"},{\"@type\":\"ListItem\",\"position\":2,\"name\":\"Planea Tu Visita\"}]},{\"@type\":\"WebSite\",\"@id\":\"https:\\\/\\\/pcbc.org\\\/es\\\/#website\",\"url\":\"https:\\\/\\\/pcbc.org\\\/es\\\/\",\"name\":\"Park Cities Baptist Church\",\"description\":\"Leading all generations to love Jesus\",\"publisher\":{\"@id\":\"https:\\\/\\\/pcbc.org\\\/es\\\/#organization\"},\"alternateName\":\"PCBC\",\"potentialAction\":[{\"@type\":\"SearchAction\",\"target\":{\"@type\":\"EntryPoint\",\"urlTemplate\":\"https:\\\/\\\/pcbc.org\\\/es\\\/?s={search_term_string}\"},\"query-input\":{\"@type\":\"PropertyValueSpecification\",\"valueRequired\":true,\"valueName\":\"search_term_string\"}}],\"inLanguage\":\"es\"},{\"@type\":\"Organization\",\"@id\":\"https:\\\/\\\/pcbc.org\\\/es\\\/#organization\",\"name\":\"Park Cities Baptist Church\",\"alternateName\":\"PCBC\",\"url\":\"https:\\\/\\\/pcbc.org\\\/es\\\/\",\"logo\":{\"@type\":\"ImageObject\",\"inLanguage\":\"es\",\"@id\":\"https:\\\/\\\/pcbc.org\\\/es\\\/#\\\/schema\\\/logo\\\/image\\\/\",\"url\":\"https:\\\/\\\/pcbc.org\\\/wp-content\\\/uploads\\\/2024\\\/07\\\/Logo.png\",\"contentUrl\":\"https:\\\/\\\/pcbc.org\\\/wp-content\\\/uploads\\\/2024\\\/07\\\/Logo.png\",\"width\":600,\"height\":126,\"caption\":\"Park Cities Baptist Church\"},\"image\":{\"@id\":\"https:\\\/\\\/pcbc.org\\\/es\\\/#\\\/schema\\\/logo\\\/image\\\/\"},\"sameAs\":[\"https:\\\/\\\/www.facebook.com\\\/parkcitiesbaptist\",\"https:\\\/\\\/x.com\\\/parkcitiesbap\",\"https:\\\/\\\/www.instagram.com\\\/parkcitiesbaptistchurch\\\/\",\"https:\\\/\\\/www.youtube.com\\\/parkcitiesbaptistchurch\"]}]}<\/script>\n<!-- \/ Yoast SEO Premium plugin. -->","yoast_head_json":{"title":"Planea Tu Visita - Park Cities Baptist Church","description":"Planea tu Visita Una Iglesia. Tres Lugares. Ya sea que nos visites en nuestro campus principal en Park Cities, Bachman Lake o Vickery, nuestra oraci\u00f3n es","robots":{"index":"index","follow":"follow","max-snippet":"max-snippet:-1","max-image-preview":"max-image-preview:large","max-video-preview":"max-video-preview:-1"},"canonical":"https:\/\/pcbc.org\/es\/planea-tu-visita\/","og_locale":"es_ES","og_type":"article","og_title":"Planea Tu Visita","og_description":"Planea tu Visita Una Iglesia. Tres Lugares. Ya sea que nos visites en nuestro campus principal en Park Cities, Bachman Lake o Vickery, nuestra oraci\u00f3n es","og_url":"https:\/\/pcbc.org\/es\/planea-tu-visita\/","og_site_name":"Park Cities Baptist Church","article_publisher":"https:\/\/www.facebook.com\/parkcitiesbaptist","article_modified_time":"2026-02-13T21:11:08+00:00","og_image":[{"width":2560,"height":1707,"url":"https:\/\/pcbc.org\/wp-content\/uploads\/2024\/08\/1a9a0097-scaled.webp","type":"image\/webp"}],"twitter_card":"summary_large_image","twitter_site":"@parkcitiesbap","twitter_misc":{"Tiempo de lectura":"1 minuto"},"schema":{"@context":"https:\/\/schema.org","@graph":[{"@type":"WebPage","@id":"https:\/\/pcbc.org\/es\/planea-tu-visita\/","url":"https:\/\/pcbc.org\/es\/planea-tu-visita\/","name":"Planea Tu Visita - Park Cities Baptist Church","isPartOf":{"@id":"https:\/\/pcbc.org\/es\/#website"},"primaryImageOfPage":{"@id":"https:\/\/pcbc.org\/es\/planea-tu-visita\/#primaryimage"},"image":{"@id":"https:\/\/pcbc.org\/es\/planea-tu-visita\/#primaryimage"},"thumbnailUrl":"https:\/\/pcbc.org\/wp-content\/uploads\/2024\/08\/1a9a0097-scaled.webp","datePublished":"2024-08-26T19:48:00+00:00","dateModified":"2026-02-13T21:11:08+00:00","description":"Planea tu Visita Una Iglesia. Tres Lugares. Ya sea que nos visites en nuestro campus principal en Park Cities, Bachman Lake o Vickery, nuestra oraci\u00f3n es","breadcrumb":{"@id":"https:\/\/pcbc.org\/es\/planea-tu-visita\/#breadcrumb"},"inLanguage":"es","potentialAction":[{"@type":"ReadAction","target":["https:\/\/pcbc.org\/es\/planea-tu-visita\/"]}]},{"@type":"ImageObject","inLanguage":"es","@id":"https:\/\/pcbc.org\/es\/planea-tu-visita\/#primaryimage","url":"https:\/\/pcbc.org\/wp-content\/uploads\/2024\/08\/1a9a0097-scaled.webp","contentUrl":"https:\/\/pcbc.org\/wp-content\/uploads\/2024\/08\/1a9a0097-scaled.webp"},{"@type":"BreadcrumbList","@id":"https:\/\/pcbc.org\/es\/planea-tu-visita\/#breadcrumb","itemListElement":[{"@type":"ListItem","position":1,"name":"Home","item":"https:\/\/pcbc.org\/es\/"},{"@type":"ListItem","position":2,"name":"Planea Tu Visita"}]},{"@type":"WebSite","@id":"https:\/\/pcbc.org\/es\/#website","url":"https:\/\/pcbc.org\/es\/","name":"Park Cities Baptist Church","description":"Leading all generations to love Jesus","publisher":{"@id":"https:\/\/pcbc.org\/es\/#organization"},"alternateName":"PCBC","potentialAction":[{"@type":"SearchAction","target":{"@type":"EntryPoint","urlTemplate":"https:\/\/pcbc.org\/es\/?s={search_term_string}"},"query-input":{"@type":"PropertyValueSpecification","valueRequired":true,"valueName":"search_term_string"}}],"inLanguage":"es"},{"@type":"Organization","@id":"https:\/\/pcbc.org\/es\/#organization","name":"Park Cities Baptist Church","alternateName":"PCBC","url":"https:\/\/pcbc.org\/es\/","logo":{"@type":"ImageObject","inLanguage":"es","@id":"https:\/\/pcbc.org\/es\/#\/schema\/logo\/image\/","url":"https:\/\/pcbc.org\/wp-content\/uploads\/2024\/07\/Logo.png","contentUrl":"https:\/\/pcbc.org\/wp-content\/uploads\/2024\/07\/Logo.png","width":600,"height":126,"caption":"Park Cities Baptist Church"},"image":{"@id":"https:\/\/pcbc.org\/es\/#\/schema\/logo\/image\/"},"sameAs":["https:\/\/www.facebook.com\/parkcitiesbaptist","https:\/\/x.com\/parkcitiesbap","https:\/\/www.instagram.com\/parkcitiesbaptistchurch\/","https:\/\/www.youtube.com\/parkcitiesbaptistchurch"]}]}},"_links":{"self":[{"href":"https:\/\/pcbc.org\/es\/wp-json\/wp\/v2\/pages\/1990","targetHints":{"allow":["GET"]}}],"collection":[{"href":"https:\/\/pcbc.org\/es\/wp-json\/wp\/v2\/pages"}],"about":[{"href":"https:\/\/pcbc.org\/es\/wp-json\/wp\/v2\/types\/page"}],"author":[{"embeddable":true,"href":"https:\/\/pcbc.org\/es\/wp-json\/wp\/v2\/users\/12"}],"replies":[{"embeddable":true,"href":"https:\/\/pcbc.org\/es\/wp-json\/wp\/v2\/comments?post=1990"}],"version-history":[{"count":4,"href":"https:\/\/pcbc.org\/es\/wp-json\/wp\/v2\/pages\/1990\/revisions"}],"predecessor-version":[{"id":4752,"href":"https:\/\/pcbc.org\/es\/wp-json\/wp\/v2\/pages\/1990\/revisions\/4752"}],"wp:attachment":[{"href":"https:\/\/pcbc.org\/es\/wp-json\/wp\/v2\/media?parent=1990"}],"curies":[{"name":"wp","href":"https:\/\/api.w.org\/{rel}","templated":true}]}}