{"id":16498,"date":"2024-06-13T13:48:47","date_gmt":"2024-06-13T18:48:47","guid":{"rendered":"https:\/\/pcbc.org\/ver-en-vivo\/"},"modified":"2026-01-22T15:35:06","modified_gmt":"2026-01-22T21:35:06","slug":"ver-en-vivo","status":"publish","type":"page","link":"https:\/\/pcbc.org\/es\/ver-en-vivo\/","title":{"rendered":"Ver en Vivo"},"content":{"rendered":"<section class=\"blocks block-hero alignfull \" id=\"\" style=\" \">\n    \n    \t<div class=\"hero-content\">\n        <p class=\"muted-heading\" data-aos=\"fade-up\" data-aos-delay=\"100\">Ver en Vivo<\/p>\t\t<h1 data-aos=\"fade-up\" data-aos-delay=\"200\">Adoremos Juntos \r\nen L\u00ednea<\/h1>\n\t\t\n                    \n        \t<\/div>\n\t\t\t<video id=\"hero-video\" autoplay=\"\" loop=\"\" muted=\"\" playsinline=\"\" >\n\t\t\t<source src=\"https:\/\/pcbc.org\/wp-content\/uploads\/2024\/08\/Watch-Live-b-roll.mp4\" type=\"video\/mp4\">\n\t\t<\/video>\n\t\t\n\t\n\t<\/section>\n\n\n\n<div class=\"wp-block-cover alignfull is-light has-parallax\" style=\"min-height:587px;aspect-ratio:unset;\"><div class=\"wp-block-cover__image-background wp-image-16487 size-large has-parallax\" style=\"background-position:50% 50%;background-image:url(https:\/\/pcbc.org\/wp-content\/uploads\/2026\/01\/Cover-1-1600x1143.jpg)\"><\/div><span aria-hidden=\"true\" class=\"wp-block-cover__background has-shade-background-color has-background-dim-80 has-background-dim\"><\/span><div class=\"wp-block-cover__inner-container has-global-padding is-layout-constrained wp-block-cover-is-layout-constrained\">\n<h1 class=\"wp-block-heading has-text-align-center has-x-large-font-size\" id=\"h-debido-al-clima-severo-el-servicio-de-este-domingo-sera-en-linea-a-las-12-30-p-m\">Debido al clima severo, el servicio de este domingo ser\u00e1 en l\u00ednea a las 12:30 p.m.<\/h1>\n\n\n\n<p class=\"has-text-align-center\" id=\"h-due-to-inclement-weather-worship-is-online-this-sunday-at-10-45-a-m-stay-safe-and-warm\">\u00a1Mantente seguro y abrigado este fin de semana!<\/p>\n\n\n\n<div class=\"wp-block-buttons is-content-justification-center is-layout-flex wp-container-core-buttons-is-layout-a89b3969 wp-block-buttons-is-layout-flex\">\n<div class=\"wp-block-button\"><a class=\"wp-block-button__link wp-element-button\" href=\"https:\/\/pcbcenespanol.online.church\/\">ver en vivo<\/a><\/div>\n<\/div>\n<\/div><\/div>\n\n\n\n<div\n\taria-hidden=\"true\"\n\tclass=\"blocks block-responsive-spacer \"\n\t\tstyle=\"height: clamp(25px, calc(25px + 0vw * 100), 25px)\">\n<\/div>\n\n\n\n<div class=\"wp-block-group alignfull has-shade-background-color has-background has-global-padding is-layout-constrained wp-block-group-is-layout-constrained\" style=\"padding-top:var(--wp--preset--spacing--100)\">\n<h2 class=\"wp-block-heading has-text-align-center has-x-large-font-size\" id=\"h-nos-alegra-mucho-que-estes-aqui\">Nos alegra mucho que est\u00e9s aqu\u00ed.<\/h2>\n\n\n\n<p class=\"has-text-align-center\">Te damos la bienvenida a la historia de gracia que Dios escribe a trav\u00e9s de Park Cities Baptist Church. Acomp\u00e1\u00f1anos en persona o en l\u00ednea en nuestro servicio de adoraci\u00f3n. <\/p>\n\n\n\n<div class=\"wp-block-buttons is-content-justification-center is-layout-flex wp-container-core-buttons-is-layout-a89b3969 wp-block-buttons-is-layout-flex\">\n<div class=\"wp-block-button\"><a class=\"wp-block-button__link wp-element-button\" href=\"https:\/\/pcbc.org\/es\/planea-tu-visita\/\">Soy nuevo aqu\u00ed<\/a><\/div>\n<\/div>\n\n\n\n<div\n\taria-hidden=\"true\"\n\tclass=\"blocks block-responsive-spacer \"\n\t\tstyle=\"height: clamp(50px, calc(48.8px + 0.0025vw * 100), 52px)\">\n<\/div>\n<\/div>\n\n\n\n<div\n\taria-hidden=\"true\"\n\tclass=\"blocks block-responsive-spacer \"\n\t\tstyle=\"height: clamp(25px, calc(25px + 0vw * 100), 25px)\">\n<\/div>\n\n\n<section class=\"blocks block-media-card  is-media-left align \" id=\"\" style=\" \">\n        <div class=\"card-media\">\n        <img loading=\"lazy\" decoding=\"async\" width=\"1600\" height=\"1067\" src=\"https:\/\/pcbc.org\/wp-content\/uploads\/2026\/01\/1A9A1946-1600x1067.jpeg\" class=\"attachment-large size-large\" alt=\"\" srcset=\"https:\/\/pcbc.org\/wp-content\/uploads\/2026\/01\/1A9A1946-1600x1067.jpeg 1600w, https:\/\/pcbc.org\/wp-content\/uploads\/2026\/01\/1A9A1946-1280x853.jpeg 1280w, https:\/\/pcbc.org\/wp-content\/uploads\/2026\/01\/1A9A1946-1440x960.jpeg 1440w, https:\/\/pcbc.org\/wp-content\/uploads\/2026\/01\/1A9A1946-1536x1024.jpeg 1536w, https:\/\/pcbc.org\/wp-content\/uploads\/2026\/01\/1A9A1946-2048x1365.jpeg 2048w, https:\/\/pcbc.org\/wp-content\/uploads\/2026\/01\/1A9A1946-600x400.jpeg 600w\" sizes=\"auto, (max-width: 1600px) 100vw, 1600px\" \/>    <\/div>\n        <div class=\"acf-innerblocks-container\">\n\n<h2 class=\"wp-block-heading has-x-large-font-size\" id=\"h-ver-mensajes\">Ver Mensajes<\/h2>\n\n\n\n<p>Siempre que los necesites, nuestros mensajes anteriores est\u00e1n disponibles para que los veas o los compartas con un amigo que pueda necesitar un aliento oportuno de la Palabra de Dios.<\/p>\n\n\n\n<div class=\"wp-block-buttons is-layout-flex wp-block-buttons-is-layout-flex\">\n<div class=\"wp-block-button\"><a class=\"wp-block-button__link wp-element-button\" href=\"https:\/\/pcbc.org\/es\/mensajes\/\">Ver mensajes anteriores<\/a><\/div>\n<\/div>\n\n<\/div>\n<\/section>\n","protected":false},"excerpt":{"rendered":"<p>Nos alegra mucho que est\u00e9s aqu\u00ed. Te damos la bienvenida a la historia de gracia que Dios escribe a trav\u00e9s de Park Cities Baptist Church. Acomp\u00e1\u00f1anos en persona o en&hellip; <a class=\"more-link\" href=\"https:\/\/pcbc.org\/es\/ver-en-vivo\/\">Sigue Leyendo<\/a><\/p>\n","protected":false},"author":11,"featured_media":0,"parent":0,"menu_order":30,"comment_status":"closed","ping_status":"closed","template":"","meta":{"_acf_changed":false,"footnotes":""},"class_list":["post-16498","page","type-page","status-publish","hentry"],"acf":[],"yoast_head":"<!-- This site is optimized with the Yoast SEO Premium plugin v27.3 (Yoast SEO v27.3) - https:\/\/yoast.com\/product\/yoast-seo-premium-wordpress\/ -->\n<title>Ver en Vivo - Park Cities Baptist Church<\/title>\n<meta name=\"description\" content=\"Te damos la bienvenida a la historia de gracia que Dios escribe a trav\u00e9s de Park Cities Baptist Church.\" \/>\n<meta name=\"robots\" content=\"index, follow, max-snippet:-1, max-image-preview:large, max-video-preview:-1\" \/>\n<link rel=\"canonical\" href=\"https:\/\/pcbc.org\/es\/ver-en-vivo\/\" \/>\n<meta property=\"og:locale\" content=\"es_ES\" \/>\n<meta property=\"og:type\" content=\"article\" \/>\n<meta property=\"og:title\" content=\"Ver en Vivo\" \/>\n<meta property=\"og:description\" content=\"Te damos la bienvenida a la historia de gracia que Dios escribe a trav\u00e9s de Park Cities Baptist Church.\" \/>\n<meta property=\"og:url\" content=\"https:\/\/pcbc.org\/es\/ver-en-vivo\/\" \/>\n<meta property=\"og:site_name\" content=\"Park Cities Baptist Church\" \/>\n<meta property=\"article:publisher\" content=\"https:\/\/www.facebook.com\/parkcitiesbaptist\" \/>\n<meta property=\"article:modified_time\" content=\"2026-01-22T21:35:06+00:00\" \/>\n<meta property=\"og:image\" content=\"https:\/\/pcbc.org\/wp-content\/uploads\/2024\/07\/screenshot.jpg\" \/>\n\t<meta property=\"og:image:width\" content=\"1200\" \/>\n\t<meta property=\"og:image:height\" content=\"900\" \/>\n\t<meta property=\"og:image:type\" content=\"image\/jpeg\" \/>\n<meta name=\"twitter:card\" content=\"summary_large_image\" \/>\n<meta name=\"twitter:site\" content=\"@parkcitiesbap\" \/>\n<meta name=\"twitter:label1\" content=\"Tiempo de lectura\" \/>\n\t<meta name=\"twitter:data1\" content=\"1 minuto\" \/>\n<script type=\"application\/ld+json\" class=\"yoast-schema-graph\">{\"@context\":\"https:\\\/\\\/schema.org\",\"@graph\":[{\"@type\":\"WebPage\",\"@id\":\"https:\\\/\\\/pcbc.org\\\/es\\\/ver-en-vivo\\\/\",\"url\":\"https:\\\/\\\/pcbc.org\\\/es\\\/ver-en-vivo\\\/\",\"name\":\"Ver en Vivo - Park Cities Baptist Church\",\"isPartOf\":{\"@id\":\"https:\\\/\\\/pcbc.org\\\/es\\\/#website\"},\"datePublished\":\"2024-06-13T18:48:47+00:00\",\"dateModified\":\"2026-01-22T21:35:06+00:00\",\"description\":\"Te damos la bienvenida a la historia de gracia que Dios escribe a trav\u00e9s de Park Cities Baptist Church.\",\"breadcrumb\":{\"@id\":\"https:\\\/\\\/pcbc.org\\\/es\\\/ver-en-vivo\\\/#breadcrumb\"},\"inLanguage\":\"es\",\"potentialAction\":[{\"@type\":\"ReadAction\",\"target\":[\"https:\\\/\\\/pcbc.org\\\/es\\\/ver-en-vivo\\\/\"]}]},{\"@type\":\"BreadcrumbList\",\"@id\":\"https:\\\/\\\/pcbc.org\\\/es\\\/ver-en-vivo\\\/#breadcrumb\",\"itemListElement\":[{\"@type\":\"ListItem\",\"position\":1,\"name\":\"Home\",\"item\":\"https:\\\/\\\/pcbc.org\\\/es\\\/\"},{\"@type\":\"ListItem\",\"position\":2,\"name\":\"Ver en Vivo\"}]},{\"@type\":\"WebSite\",\"@id\":\"https:\\\/\\\/pcbc.org\\\/es\\\/#website\",\"url\":\"https:\\\/\\\/pcbc.org\\\/es\\\/\",\"name\":\"Park Cities Baptist Church\",\"description\":\"Leading all generations to love Jesus\",\"publisher\":{\"@id\":\"https:\\\/\\\/pcbc.org\\\/es\\\/#organization\"},\"alternateName\":\"PCBC\",\"potentialAction\":[{\"@type\":\"SearchAction\",\"target\":{\"@type\":\"EntryPoint\",\"urlTemplate\":\"https:\\\/\\\/pcbc.org\\\/es\\\/?s={search_term_string}\"},\"query-input\":{\"@type\":\"PropertyValueSpecification\",\"valueRequired\":true,\"valueName\":\"search_term_string\"}}],\"inLanguage\":\"es\"},{\"@type\":\"Organization\",\"@id\":\"https:\\\/\\\/pcbc.org\\\/es\\\/#organization\",\"name\":\"Park Cities Baptist Church\",\"alternateName\":\"PCBC\",\"url\":\"https:\\\/\\\/pcbc.org\\\/es\\\/\",\"logo\":{\"@type\":\"ImageObject\",\"inLanguage\":\"es\",\"@id\":\"https:\\\/\\\/pcbc.org\\\/es\\\/#\\\/schema\\\/logo\\\/image\\\/\",\"url\":\"https:\\\/\\\/pcbc.org\\\/wp-content\\\/uploads\\\/2024\\\/07\\\/Logo.png\",\"contentUrl\":\"https:\\\/\\\/pcbc.org\\\/wp-content\\\/uploads\\\/2024\\\/07\\\/Logo.png\",\"width\":600,\"height\":126,\"caption\":\"Park Cities Baptist Church\"},\"image\":{\"@id\":\"https:\\\/\\\/pcbc.org\\\/es\\\/#\\\/schema\\\/logo\\\/image\\\/\"},\"sameAs\":[\"https:\\\/\\\/www.facebook.com\\\/parkcitiesbaptist\",\"https:\\\/\\\/x.com\\\/parkcitiesbap\",\"https:\\\/\\\/www.instagram.com\\\/parkcitiesbaptistchurch\\\/\",\"https:\\\/\\\/www.youtube.com\\\/parkcitiesbaptistchurch\"]}]}<\/script>\n<!-- \/ Yoast SEO Premium plugin. -->","yoast_head_json":{"title":"Ver en Vivo - Park Cities Baptist Church","description":"Te damos la bienvenida a la historia de gracia que Dios escribe a trav\u00e9s de Park Cities Baptist Church.","robots":{"index":"index","follow":"follow","max-snippet":"max-snippet:-1","max-image-preview":"max-image-preview:large","max-video-preview":"max-video-preview:-1"},"canonical":"https:\/\/pcbc.org\/es\/ver-en-vivo\/","og_locale":"es_ES","og_type":"article","og_title":"Ver en Vivo","og_description":"Te damos la bienvenida a la historia de gracia que Dios escribe a trav\u00e9s de Park Cities Baptist Church.","og_url":"https:\/\/pcbc.org\/es\/ver-en-vivo\/","og_site_name":"Park Cities Baptist Church","article_publisher":"https:\/\/www.facebook.com\/parkcitiesbaptist","article_modified_time":"2026-01-22T21:35:06+00:00","og_image":[{"width":1200,"height":900,"url":"https:\/\/pcbc.org\/wp-content\/uploads\/2024\/07\/screenshot.jpg","type":"image\/jpeg"}],"twitter_card":"summary_large_image","twitter_site":"@parkcitiesbap","twitter_misc":{"Tiempo de lectura":"1 minuto"},"schema":{"@context":"https:\/\/schema.org","@graph":[{"@type":"WebPage","@id":"https:\/\/pcbc.org\/es\/ver-en-vivo\/","url":"https:\/\/pcbc.org\/es\/ver-en-vivo\/","name":"Ver en Vivo - Park Cities Baptist Church","isPartOf":{"@id":"https:\/\/pcbc.org\/es\/#website"},"datePublished":"2024-06-13T18:48:47+00:00","dateModified":"2026-01-22T21:35:06+00:00","description":"Te damos la bienvenida a la historia de gracia que Dios escribe a trav\u00e9s de Park Cities Baptist Church.","breadcrumb":{"@id":"https:\/\/pcbc.org\/es\/ver-en-vivo\/#breadcrumb"},"inLanguage":"es","potentialAction":[{"@type":"ReadAction","target":["https:\/\/pcbc.org\/es\/ver-en-vivo\/"]}]},{"@type":"BreadcrumbList","@id":"https:\/\/pcbc.org\/es\/ver-en-vivo\/#breadcrumb","itemListElement":[{"@type":"ListItem","position":1,"name":"Home","item":"https:\/\/pcbc.org\/es\/"},{"@type":"ListItem","position":2,"name":"Ver en Vivo"}]},{"@type":"WebSite","@id":"https:\/\/pcbc.org\/es\/#website","url":"https:\/\/pcbc.org\/es\/","name":"Park Cities Baptist Church","description":"Leading all generations to love Jesus","publisher":{"@id":"https:\/\/pcbc.org\/es\/#organization"},"alternateName":"PCBC","potentialAction":[{"@type":"SearchAction","target":{"@type":"EntryPoint","urlTemplate":"https:\/\/pcbc.org\/es\/?s={search_term_string}"},"query-input":{"@type":"PropertyValueSpecification","valueRequired":true,"valueName":"search_term_string"}}],"inLanguage":"es"},{"@type":"Organization","@id":"https:\/\/pcbc.org\/es\/#organization","name":"Park Cities Baptist Church","alternateName":"PCBC","url":"https:\/\/pcbc.org\/es\/","logo":{"@type":"ImageObject","inLanguage":"es","@id":"https:\/\/pcbc.org\/es\/#\/schema\/logo\/image\/","url":"https:\/\/pcbc.org\/wp-content\/uploads\/2024\/07\/Logo.png","contentUrl":"https:\/\/pcbc.org\/wp-content\/uploads\/2024\/07\/Logo.png","width":600,"height":126,"caption":"Park Cities Baptist Church"},"image":{"@id":"https:\/\/pcbc.org\/es\/#\/schema\/logo\/image\/"},"sameAs":["https:\/\/www.facebook.com\/parkcitiesbaptist","https:\/\/x.com\/parkcitiesbap","https:\/\/www.instagram.com\/parkcitiesbaptistchurch\/","https:\/\/www.youtube.com\/parkcitiesbaptistchurch"]}]}},"_links":{"self":[{"href":"https:\/\/pcbc.org\/es\/wp-json\/wp\/v2\/pages\/16498","targetHints":{"allow":["GET"]}}],"collection":[{"href":"https:\/\/pcbc.org\/es\/wp-json\/wp\/v2\/pages"}],"about":[{"href":"https:\/\/pcbc.org\/es\/wp-json\/wp\/v2\/types\/page"}],"author":[{"embeddable":true,"href":"https:\/\/pcbc.org\/es\/wp-json\/wp\/v2\/users\/11"}],"replies":[{"embeddable":true,"href":"https:\/\/pcbc.org\/es\/wp-json\/wp\/v2\/comments?post=16498"}],"version-history":[{"count":12,"href":"https:\/\/pcbc.org\/es\/wp-json\/wp\/v2\/pages\/16498\/revisions"}],"predecessor-version":[{"id":16517,"href":"https:\/\/pcbc.org\/es\/wp-json\/wp\/v2\/pages\/16498\/revisions\/16517"}],"wp:attachment":[{"href":"https:\/\/pcbc.org\/es\/wp-json\/wp\/v2\/media?parent=16498"}],"curies":[{"name":"wp","href":"https:\/\/api.w.org\/{rel}","templated":true}]}}